{"id":475,"date":"2025-03-26T12:22:03","date_gmt":"2025-03-26T11:22:03","guid":{"rendered":"https:\/\/cadmin-gestio.com\/?page_id=475"},"modified":"2025-04-03T16:01:07","modified_gmt":"2025-04-03T14:01:07","slug":"ofertas","status":"publish","type":"page","link":"https:\/\/www.cadmin-gestio.com\/es\/ofertas\/","title":{"rendered":"Ofertas"},"content":{"rendered":"<p>[et_pb_section fb_built=\u00bb1&#8243; _builder_version=\u00bb4.27.4&#8243; _module_preset=\u00bbdefault\u00bb background_color=\u00bb#fdf9ea\u00bb custom_margin=\u00bb0em||0em||true|false\u00bb custom_margin_tablet=\u00bb0px||0px||true|false\u00bb custom_margin_phone=\u00bb0px||||false|false\u00bb custom_margin_last_edited=\u00bbon|desktop\u00bb custom_padding=\u00bb0px||0px||true|false\u00bb global_colors_info=\u00bb{}\u00bb][et_pb_row column_structure=\u00bb1_2,1_2&#8243; make_equal=\u00bbon\u00bb _builder_version=\u00bb4.27.4&#8243; _module_preset=\u00bbdefault\u00bb width=\u00bb90%\u00bb custom_padding=\u00bb0px||0px||true|false\u00bb custom_css_main_element=\u00bbalign-items:center;||display:flex;\u00bb global_colors_info=\u00bb{}\u00bb custom_css_main_element_last_edited=\u00bbon|tablet\u00bb custom_css_main_element_tablet=\u00bbflex-flow:column;\u00bb custom_css_main_element_phone=\u00bbflex-flow:column;\u00bb][et_pb_column type=\u00bb1_2&#8243; _builder_version=\u00bb4.27.4&#8243; _module_preset=\u00bbdefault\u00bb custom_padding=\u00bb4em||4em||true|false\u00bb custom_padding_tablet=\u00bb4em||2em||false|false\u00bb custom_padding_phone=\u00bb4em||2em||false|false\u00bb custom_padding_last_edited=\u00bbon|tablet\u00bb global_colors_info=\u00bb{}\u00bb][et_pb_text _builder_version=\u00bb4.27.4&#8243; _module_preset=\u00bbdefault\u00bb header_font_size_tablet=\u00bb35px\u00bb header_font_size_phone=\u00bb30px\u00bb header_font_size_last_edited=\u00bbon|phone\u00bb header_2_font_size_tablet=\u00bb26px\u00bb header_2_font_size_phone=\u00bb22px\u00bb header_2_font_size_last_edited=\u00bbon|phone\u00bb global_colors_info=\u00bb{}\u00bb]<\/p>\n<h1><em><strong><span role=\"presentation\" dir=\"ltr\">Servicios Online <\/span><\/strong><\/em><br role=\"presentation\" \/><em><strong><span role=\"presentation\" dir=\"ltr\">de Gestor\u00eda <\/span><\/strong><\/em><span role=\"presentation\" dir=\"ltr\">para <\/span><br role=\"presentation\" \/><span role=\"presentation\" dir=\"ltr\">Aut\u00f3nomos y PYMES<\/span><\/h1>\n<p><span role=\"presentation\" dir=\"ltr\">En Cadmin Gesti\u00f3, nos especializamos en ofrecer servicios de <\/span><span role=\"presentation\" dir=\"ltr\">gestor\u00eda online dise\u00f1ados para facilitar y optimizar la gesti\u00f3n de tu <\/span><span role=\"presentation\" dir=\"ltr\">negocio.<\/span><\/p>\n<p><span role=\"presentation\" dir=\"ltr\">Nuestro objetivo es brindarte soluciones eficientes que te <\/span><span role=\"presentation\" dir=\"ltr\">permitan centrarte en lo que realmente importa: hacer crecer tu <\/span><span role=\"presentation\" dir=\"ltr\">empresa<\/span><\/p>\n<p>[\/et_pb_text][\/et_pb_column][et_pb_column type=\u00bb1_2&#8243; _builder_version=\u00bb4.27.4&#8243; _module_preset=\u00bbdefault\u00bb global_colors_info=\u00bb{}\u00bb][et_pb_image src=\u00bbhttp:\/\/cadmin-gestio.com\/wp-content\/uploads\/cadmin-ofertas-imagotipo.svg\u00bb alt=\u00bbA tenir en compte &#8211; Cadmin\u00bb title_text=\u00bbcadmin-ofertas-imagotipo\u00bb _builder_version=\u00bb4.27.4&#8243; _module_preset=\u00bbdefault\u00bb max_width=\u00bb350px\u00bb module_alignment=\u00bbcenter\u00bb global_colors_info=\u00bb{}\u00bb][\/et_pb_image][\/et_pb_column][\/et_pb_row][\/et_pb_section][et_pb_section fb_built=\u00bb1&#8243; custom_padding_last_edited=\u00bbon|phone\u00bb _builder_version=\u00bb4.27.4&#8243; _module_preset=\u00bbdefault\u00bb background_image=\u00bbhttp:\/\/cadmin-gestio.com\/wp-content\/uploads\/cadmin-gestioria-fondo-com-et-podem-ajudar.svg\u00bb custom_margin=\u00bb0px||0px||true|false\u00bb custom_margin_tablet=\u00bb2em||||false|false\u00bb custom_margin_last_edited=\u00bboff|desktop\u00bb custom_padding=\u00bb0px||0px||true|false\u00bb custom_padding_tablet=\u00bb0px||0px||true|false\u00bb custom_padding_phone=\u00bb0px||0px||true|false\u00bb background_last_edited=\u00bbon|phone\u00bb global_colors_info=\u00bb{}\u00bb][et_pb_row custom_padding_last_edited=\u00bbon|desktop\u00bb _builder_version=\u00bb4.27.4&#8243; _module_preset=\u00bbdefault\u00bb width=\u00bb90%\u00bb custom_padding=\u00bb4em||2em||false|false\u00bb custom_padding_tablet=\u00bb||2em||false|false\u00bb custom_padding_phone=\u00bb||1em||false|false\u00bb global_colors_info=\u00bb{}\u00bb][et_pb_column type=\u00bb4_4&#8243; _builder_version=\u00bb4.27.4&#8243; _module_preset=\u00bbdefault\u00bb global_colors_info=\u00bb{}\u00bb][et_pb_text _builder_version=\u00bb4.27.4&#8243; _module_preset=\u00bbdefault\u00bb header_2_font_size=\u00bb30px\u00bb module_alignment=\u00bbcenter\u00bb custom_padding=\u00bb||||true|false\u00bb custom_padding_tablet=\u00bb||||true|false\u00bb custom_padding_phone=\u00bb||||true|false\u00bb custom_padding_last_edited=\u00bbon|desktop\u00bb custom_css_main_element=\u00bbmax-width:fit-content;||margin:auto;\u00bb custom_css_after=\u00bbcontent:url(&#8216;http:\/\/cadmin-gestio.com\/wp-content\/uploads\/cadmin-ofertas-icono.svg&#8217;);||  width:50px;||  display:block;||  position:absolute;||  left:unset;||  right:-4em;||  top:-0.5em;\u00bb global_colors_info=\u00bb{}\u00bb custom_css_after_last_edited=\u00bbon|phone\u00bb custom_css_after_phone=\u00bbdisplay:none;\u00bb custom_css_after_tablet=\u00bbcontent:url(&#8216;http:\/\/cadmin-gestio.com\/wp-content\/uploads\/cadmin-ofertas-icono.svg&#8217;);||  width:50px;||  display:block;||  position:absolute;||  left:unset;||  right:-4em;||  top:-0.5em;\u00bb]<\/p>\n<h2 style=\"text-align: center;\">Nuestras <em><strong>Ofertas<\/strong><\/em><\/h2>\n<p>[\/et_pb_text][\/et_pb_column][\/et_pb_row][et_pb_row column_structure=\u00bb1_2,1_2&#8243; custom_padding_last_edited=\u00bboff|desktop\u00bb _builder_version=\u00bb4.27.4&#8243; _module_preset=\u00bbdefault\u00bb width=\u00bb90%\u00bb max_width=\u00bb980px\u00bb custom_padding=\u00bb0px||||false|false\u00bb custom_padding_tablet=\u00bb0px|2em||2em|false|true\u00bb custom_padding_phone=\u00bb|1em||1em|false|true\u00bb global_colors_info=\u00bb{}\u00bb][et_pb_column type=\u00bb1_2&#8243; _builder_version=\u00bb4.27.4&#8243; _module_preset=\u00bbdefault\u00bb global_colors_info=\u00bb{}\u00bb][et_pb_cta title=\u00bbDeclaraci\u00f3n de la renta individual\u00bb button_url=\u00bbhttps:\/\/www.paypal.com\/ncp\/payment\/MYRDNHVLPDFQS\u00bb url_new_window=\u00bbon\u00bb button_text=\u00bbContratar\u00bb _builder_version=\u00bb4.27.4&#8243; _module_preset=\u00bbdefault\u00bb header_font=\u00bb|700|on||||||\u00bb header_text_color=\u00bb#000000&#8243; header_font_size=\u00bb22px\u00bb body_text_align=\u00bbleft\u00bb body_text_color=\u00bb#000000&#8243; background_color=\u00bb#fef8e8&#8243; button_alignment=\u00bbright\u00bb custom_padding=\u00bb0px|0px|2em|0px|false|true\u00bb hover_enabled=\u00bb0&#8243; custom_css_before=\u00bb||\u00bb custom_css_after=\u00bbcontent:&#8217;50,00\u20ac&#8217;;||font-size:40px;||font-weight:600;||font-style:italic;||display:block;||color:black;||position:absolute;||bottom:1.1em;||left:1.5em;\u00bb custom_css_free_form=\u00bbselector .et_pb_promo_description div{||  padding:0em 2em;||}||selector li{||  list-style:none;||}||selector li:before{||  content:&#8217;%92f058&#8242;;||  font-family:%22Font Awesome 6 Free%22;||  color:#F9C13F;||  position:absolute;||  left:1em;||}\u00bb custom_css_promo_button=\u00bbmargin-right:2em;\u00bb custom_css_promo_title=\u00bbbackground-color: #F9C13F;||padding:1em;||margin-bottom:1em;\u00bb border_radii=\u00bbon|20px|20px|20px|20px\u00bb global_colors_info=\u00bb{}\u00bb custom_css_after_last_edited=\u00bbon|phone\u00bb custom_css_after_phone=\u00bbcontent:&#8217;50,00\u20ac&#8217;;||font-size:35px;||font-weight:600;||font-style:italic;||display:block;||color:black;||position:absolute;||bottom:1.1em;||left:1em;\u00bb custom_css_after_tablet=\u00bbcontent:&#8217;50\u20ac&#8217;;||font-size:40px;||font-weight:600;||font-style:italic;||display:block;||color:black;||position:absolute;||bottom:1.1em;||left:1.5em;\u00bb sticky_enabled=\u00bb0&#8243;]<\/p>\n<ul>\n<li><strong>Elaboraci\u00f3n y presentaci\u00f3n completa <\/strong>de tu declaraci\u00f3n de la renta.<\/li>\n<li><strong>An\u00e1lisis detallado de ingresos<\/strong> y deducciones para optimizar beneficios fiscales.<\/li>\n<li><strong>Garant\u00eda de precisi\u00f3n<\/strong> para una presentaci\u00f3n sin errores.<\/li>\n<\/ul>\n<p>[\/et_pb_cta][\/et_pb_column][et_pb_column type=\u00bb1_2&#8243; _builder_version=\u00bb4.27.4&#8243; _module_preset=\u00bbdefault\u00bb global_colors_info=\u00bb{}\u00bb][et_pb_cta title=\u00bbDeclaraci\u00f3n de la renta conjunta\u00bb button_url=\u00bbhttps:\/\/www.paypal.com\/ncp\/payment\/VSC9W2KGGEPDS\u00bb url_new_window=\u00bbon\u00bb button_text=\u00bbContratar\u00bb _builder_version=\u00bb4.27.4&#8243; _module_preset=\u00bbdefault\u00bb header_font=\u00bb|700|on||||||\u00bb header_text_color=\u00bb#000000&#8243; header_font_size=\u00bb22px\u00bb body_text_align=\u00bbleft\u00bb body_text_color=\u00bb#000000&#8243; background_color=\u00bb#fef8e8&#8243; button_alignment=\u00bbright\u00bb custom_padding=\u00bb0px|0px|2em|0px|false|true\u00bb hover_enabled=\u00bb0&#8243; custom_css_before=\u00bb||\u00bb custom_css_after=\u00bbcontent:&#8217;80,00\u20ac&#8217;;||font-size:40px;||font-weight:600;||font-style:italic;||display:block;||color:black;||position:absolute;||bottom:1.1em;||left:1.5em;\u00bb custom_css_free_form=\u00bbselector .et_pb_promo_description div{||  padding:0em 2em;||}||selector li{||  list-style:none;||}||selector li:before{||  content:&#8217;%92f058&#8242;;||  font-family:%22Font Awesome 6 Free%22;||  color:#F9C13F;||  position:absolute;||  left:1em;||}\u00bb custom_css_promo_button=\u00bbmargin-right:2em;\u00bb custom_css_promo_title=\u00bbbackground-color: #F9C13F;||padding:1em;||margin-bottom:1em;\u00bb border_radii=\u00bbon|20px|20px|20px|20px\u00bb global_colors_info=\u00bb{}\u00bb custom_css_after__hover_enabled=\u00bboff|hover\u00bb custom_css_after_last_edited=\u00bbon|phone\u00bb custom_css_after_phone=\u00bbcontent:&#8217;80,00\u20ac&#8217;;||font-size:35px;||font-weight:600;||font-style:italic;||display:block;||color:black;||position:absolute;||bottom:1.1em;||left:1em;\u00bb custom_css_after_tablet=\u00bbcontent:&#8217;80\u20ac&#8217;;||font-size:40px;||font-weight:600;||font-style:italic;||display:block;||color:black;||position:absolute;||bottom:1.1em;||left:1.5em;\u00bb sticky_enabled=\u00bb0&#8243;]<\/p>\n<ul>\n<li><strong>Preparaci\u00f3n y entrega <\/strong>completa de su declaraci\u00f3n de la renta conjunta.<\/li>\n<li><strong>Evaluaci\u00f3n exhaustiva <\/strong>de ingresos y deducciones para maximizar beneficios fiscales.<\/li>\n<li><strong>Compromiso con la exactitud <\/strong>para una presentaci\u00f3n sin errores.<\/li>\n<\/ul>\n<p>[\/et_pb_cta][\/et_pb_column][\/et_pb_row][et_pb_row custom_padding_last_edited=\u00bbon|desktop\u00bb _builder_version=\u00bb4.27.4&#8243; _module_preset=\u00bbdefault\u00bb width=\u00bb90%\u00bb custom_padding=\u00bb2em||2em||false|false\u00bb custom_padding_tablet=\u00bb||2em||false|false\u00bb custom_padding_phone=\u00bb||1em||false|false\u00bb global_colors_info=\u00bb{}\u00bb][et_pb_column type=\u00bb4_4&#8243; _builder_version=\u00bb4.27.4&#8243; _module_preset=\u00bbdefault\u00bb global_colors_info=\u00bb{}\u00bb][et_pb_text _builder_version=\u00bb4.27.4&#8243; _module_preset=\u00bbdefault\u00bb header_2_font_size=\u00bb30px\u00bb module_alignment=\u00bbcenter\u00bb custom_padding=\u00bb||||true|false\u00bb custom_padding_tablet=\u00bb||||true|false\u00bb custom_padding_phone=\u00bb||||true|false\u00bb custom_padding_last_edited=\u00bbon|desktop\u00bb global_colors_info=\u00bb{}\u00bb custom_css_after_last_edited=\u00bbon|phone\u00bb custom_css_after_phone=\u00bbdisplay:none;\u00bb custom_css_after_tablet=\u00bbcontent:url(&#8216;http:\/\/cadmin-gestio.com\/wp-content\/uploads\/cadmin-ofertas-icono.svg&#8217;);||  width:50px;||  display:block;||  position:absolute;||  left:unset;||  right:-4em;||  top:-0.5em;\u00bb]<\/p>\n<p style=\"text-align: center;\"><em>*IVA no incluido. <\/em><em>Las tarifas pueden variar dependiendo de su complejidad<\/em><\/p>\n<p>[\/et_pb_text][\/et_pb_column][\/et_pb_row][\/et_pb_section][et_pb_section fb_built=\u00bb1&#8243; _builder_version=\u00bb4.27.4&#8243; _module_preset=\u00bbdefault\u00bb custom_margin_tablet=\u00bb\u00bb custom_margin_phone=\u00bb0px||||false|false\u00bb custom_margin_last_edited=\u00bbon|phone\u00bb custom_padding=\u00bb0px||0px||true|false\u00bb global_colors_info=\u00bb{}\u00bb][et_pb_row custom_padding_last_edited=\u00bbon|phone\u00bb _builder_version=\u00bb4.27.4&#8243; _module_preset=\u00bbdefault\u00bb width=\u00bb90%\u00bb custom_margin=\u00bb||0px||false|false\u00bb custom_padding=\u00bb||0px||false|false\u00bb custom_padding_tablet=\u00bb||0px||false|false\u00bb custom_padding_phone=\u00bb0px||0px||false|false\u00bb global_colors_info=\u00bb{}\u00bb][et_pb_column type=\u00bb4_4&#8243; _builder_version=\u00bb4.27.4&#8243; _module_preset=\u00bbdefault\u00bb global_colors_info=\u00bb{}\u00bb][et_pb_text _builder_version=\u00bb4.27.4&#8243; _module_preset=\u00bbdefault\u00bb header_2_font_size_tablet=\u00bb\u00bb header_2_font_size_phone=\u00bb30px\u00bb header_2_font_size_last_edited=\u00bbon|phone\u00bb locked=\u00bboff\u00bb global_colors_info=\u00bb{}\u00bb]<\/p>\n<h2 style=\"text-align: center;\">\u00bfTienes alguna duda?<\/h2>\n<p>[\/et_pb_text][\/et_pb_column][\/et_pb_row][\/et_pb_section]<\/p>\n","protected":false},"excerpt":{"rendered":"<p>Servicios Online de Gestor\u00eda para Aut\u00f3nomos y PYMES En Cadmin Gesti\u00f3, nos especializamos en ofrecer servicios de gestor\u00eda online dise\u00f1ados para facilitar y optimizar la gesti\u00f3n de tu negocio. Nuestro objetivo es brindarte soluciones eficientes que te permitan centrarte en lo que realmente importa: hacer crecer tu empresaNuestras Ofertas Elaboraci\u00f3n y presentaci\u00f3n completa de tu [&hellip;]<\/p>\n","protected":false},"author":1,"featured_media":0,"parent":0,"menu_order":0,"comment_status":"closed","ping_status":"closed","template":"","meta":{"_et_pb_use_builder":"on","_et_pb_old_content":"","_et_gb_content_width":"","inline_featured_image":false,"footnotes":""},"class_list":["post-475","page","type-page","status-publish","hentry"],"yoast_head":"<!-- This site is optimized with the Yoast SEO plugin v24.8.1 - https:\/\/yoast.com\/wordpress\/plugins\/seo\/ -->\n<title>Servicios Online de Gestor\u00eda para Aut\u00f3nomos y PYMES - Cadmin<\/title>\n<meta name=\"description\" content=\"Conoce nuestras ofertas en gestor\u00eda online para aut\u00f3nomos y pymes. \u00a1Optimiza tu negocio y ahorra en impuestos hoy mismo!\" \/>\n<meta name=\"robots\" content=\"index, follow, max-snippet:-1, max-image-preview:large, max-video-preview:-1\" \/>\n<link rel=\"canonical\" href=\"https:\/\/www.cadmin-gestio.com\/ofertes\/\" \/>\n<meta property=\"og:locale\" content=\"es_ES\" \/>\n<meta property=\"og:type\" content=\"article\" \/>\n<meta property=\"og:title\" content=\"Servicios Online de Gestor\u00eda para Aut\u00f3nomos y PYMES - Cadmin\" \/>\n<meta property=\"og:description\" content=\"Conoce nuestras ofertas en gestor\u00eda online para aut\u00f3nomos y pymes. \u00a1Optimiza tu negocio y ahorra en impuestos hoy mismo!\" \/>\n<meta property=\"og:url\" content=\"https:\/\/www.cadmin-gestio.com\/ofertes\/\" \/>\n<meta property=\"og:site_name\" content=\"Cadmin\" \/>\n<meta property=\"article:modified_time\" content=\"2025-04-03T14:01:07+00:00\" \/>\n<meta name=\"twitter:card\" content=\"summary_large_image\" \/>\n<meta name=\"twitter:label1\" content=\"Tiempo de lectura\" \/>\n\t<meta name=\"twitter:data1\" content=\"1 minuto\" \/>\n<script type=\"application\/ld+json\" class=\"yoast-schema-graph\">{\"@context\":\"https:\/\/schema.org\",\"@graph\":[{\"@type\":\"WebPage\",\"@id\":\"https:\/\/www.cadmin-gestio.com\/ofertes\/\",\"url\":\"https:\/\/www.cadmin-gestio.com\/ofertes\/\",\"name\":\"Servicios Online de Gestor\u00eda para Aut\u00f3nomos y PYMES - Cadmin\",\"isPartOf\":{\"@id\":\"https:\/\/www.cadmin-gestio.com\/#website\"},\"datePublished\":\"2025-03-26T11:22:03+00:00\",\"dateModified\":\"2025-04-03T14:01:07+00:00\",\"description\":\"Conoce nuestras ofertas en gestor\u00eda online para aut\u00f3nomos y pymes. \u00a1Optimiza tu negocio y ahorra en impuestos hoy mismo!\",\"breadcrumb\":{\"@id\":\"https:\/\/www.cadmin-gestio.com\/ofertes\/#breadcrumb\"},\"inLanguage\":\"es\",\"potentialAction\":[{\"@type\":\"ReadAction\",\"target\":[\"https:\/\/www.cadmin-gestio.com\/ofertes\/\"]}]},{\"@type\":\"BreadcrumbList\",\"@id\":\"https:\/\/www.cadmin-gestio.com\/ofertes\/#breadcrumb\",\"itemListElement\":[{\"@type\":\"ListItem\",\"position\":1,\"name\":\"Home\",\"item\":\"https:\/\/www.cadmin-gestio.com\/es\/\"},{\"@type\":\"ListItem\",\"position\":2,\"name\":\"Ofertas\"}]},{\"@type\":\"WebSite\",\"@id\":\"https:\/\/www.cadmin-gestio.com\/#website\",\"url\":\"https:\/\/www.cadmin-gestio.com\/\",\"name\":\"Cadmin\",\"description\":\"\",\"potentialAction\":[{\"@type\":\"SearchAction\",\"target\":{\"@type\":\"EntryPoint\",\"urlTemplate\":\"https:\/\/www.cadmin-gestio.com\/?s={search_term_string}\"},\"query-input\":{\"@type\":\"PropertyValueSpecification\",\"valueRequired\":true,\"valueName\":\"search_term_string\"}}],\"inLanguage\":\"es\"}]}<\/script>\n<!-- \/ Yoast SEO plugin. -->","yoast_head_json":{"title":"Servicios Online de Gestor\u00eda para Aut\u00f3nomos y PYMES - Cadmin","description":"Conoce nuestras ofertas en gestor\u00eda online para aut\u00f3nomos y pymes. \u00a1Optimiza tu negocio y ahorra en impuestos hoy mismo!","robots":{"index":"index","follow":"follow","max-snippet":"max-snippet:-1","max-image-preview":"max-image-preview:large","max-video-preview":"max-video-preview:-1"},"canonical":"https:\/\/www.cadmin-gestio.com\/ofertes\/","og_locale":"es_ES","og_type":"article","og_title":"Servicios Online de Gestor\u00eda para Aut\u00f3nomos y PYMES - Cadmin","og_description":"Conoce nuestras ofertas en gestor\u00eda online para aut\u00f3nomos y pymes. \u00a1Optimiza tu negocio y ahorra en impuestos hoy mismo!","og_url":"https:\/\/www.cadmin-gestio.com\/ofertes\/","og_site_name":"Cadmin","article_modified_time":"2025-04-03T14:01:07+00:00","twitter_card":"summary_large_image","twitter_misc":{"Tiempo de lectura":"1 minuto"},"schema":{"@context":"https:\/\/schema.org","@graph":[{"@type":"WebPage","@id":"https:\/\/www.cadmin-gestio.com\/ofertes\/","url":"https:\/\/www.cadmin-gestio.com\/ofertes\/","name":"Servicios Online de Gestor\u00eda para Aut\u00f3nomos y PYMES - Cadmin","isPartOf":{"@id":"https:\/\/www.cadmin-gestio.com\/#website"},"datePublished":"2025-03-26T11:22:03+00:00","dateModified":"2025-04-03T14:01:07+00:00","description":"Conoce nuestras ofertas en gestor\u00eda online para aut\u00f3nomos y pymes. \u00a1Optimiza tu negocio y ahorra en impuestos hoy mismo!","breadcrumb":{"@id":"https:\/\/www.cadmin-gestio.com\/ofertes\/#breadcrumb"},"inLanguage":"es","potentialAction":[{"@type":"ReadAction","target":["https:\/\/www.cadmin-gestio.com\/ofertes\/"]}]},{"@type":"BreadcrumbList","@id":"https:\/\/www.cadmin-gestio.com\/ofertes\/#breadcrumb","itemListElement":[{"@type":"ListItem","position":1,"name":"Home","item":"https:\/\/www.cadmin-gestio.com\/es\/"},{"@type":"ListItem","position":2,"name":"Ofertas"}]},{"@type":"WebSite","@id":"https:\/\/www.cadmin-gestio.com\/#website","url":"https:\/\/www.cadmin-gestio.com\/","name":"Cadmin","description":"","potentialAction":[{"@type":"SearchAction","target":{"@type":"EntryPoint","urlTemplate":"https:\/\/www.cadmin-gestio.com\/?s={search_term_string}"},"query-input":{"@type":"PropertyValueSpecification","valueRequired":true,"valueName":"search_term_string"}}],"inLanguage":"es"}]}},"_links":{"self":[{"href":"https:\/\/www.cadmin-gestio.com\/es\/wp-json\/wp\/v2\/pages\/475","targetHints":{"allow":["GET"]}}],"collection":[{"href":"https:\/\/www.cadmin-gestio.com\/es\/wp-json\/wp\/v2\/pages"}],"about":[{"href":"https:\/\/www.cadmin-gestio.com\/es\/wp-json\/wp\/v2\/types\/page"}],"author":[{"embeddable":true,"href":"https:\/\/www.cadmin-gestio.com\/es\/wp-json\/wp\/v2\/users\/1"}],"replies":[{"embeddable":true,"href":"https:\/\/www.cadmin-gestio.com\/es\/wp-json\/wp\/v2\/comments?post=475"}],"version-history":[{"count":52,"href":"https:\/\/www.cadmin-gestio.com\/es\/wp-json\/wp\/v2\/pages\/475\/revisions"}],"predecessor-version":[{"id":625,"href":"https:\/\/www.cadmin-gestio.com\/es\/wp-json\/wp\/v2\/pages\/475\/revisions\/625"}],"wp:attachment":[{"href":"https:\/\/www.cadmin-gestio.com\/es\/wp-json\/wp\/v2\/media?parent=475"}],"curies":[{"name":"wp","href":"https:\/\/api.w.org\/{rel}","templated":true}]}}