{"id":422,"date":"2025-03-07T09:36:51","date_gmt":"2025-03-07T08:36:51","guid":{"rendered":"https:\/\/cadmin-gestio.com\/inicio\/"},"modified":"2025-04-03T12:41:59","modified_gmt":"2025-04-03T10:41:59","slug":"inicio","status":"publish","type":"page","link":"https:\/\/www.cadmin-gestio.com\/es\/","title":{"rendered":"Inicio"},"content":{"rendered":"<p>[et_pb_section fb_built=\u00bb1&#8243; _builder_version=\u00bb4.27.4&#8243; _module_preset=\u00bbdefault\u00bb background_color=\u00bb#fdf9ea\u00bb custom_margin=\u00bb4em||4em||true|false\u00bb custom_margin_tablet=\u00bb0px||0px||true|false\u00bb custom_margin_phone=\u00bb0px||||false|false\u00bb custom_margin_last_edited=\u00bbon|desktop\u00bb custom_padding=\u00bb0px||0px||true|false\u00bb global_colors_info=\u00bb{}\u00bb][et_pb_row column_structure=\u00bb1_2,1_2&#8243; make_equal=\u00bbon\u00bb _builder_version=\u00bb4.27.4&#8243; _module_preset=\u00bbdefault\u00bb width=\u00bb90%\u00bb custom_padding=\u00bb0px||0px||true|false\u00bb custom_css_main_element=\u00bbalign-items:center;||display:flex;\u00bb global_colors_info=\u00bb{}\u00bb custom_css_main_element_last_edited=\u00bbon|tablet\u00bb custom_css_main_element_tablet=\u00bbflex-flow:column;\u00bb custom_css_main_element_phone=\u00bbflex-flow:column;\u00bb][et_pb_column type=\u00bb1_2&#8243; _builder_version=\u00bb4.27.4&#8243; _module_preset=\u00bbdefault\u00bb custom_padding=\u00bb4em||4em||true|false\u00bb custom_padding_tablet=\u00bb4em||2em||false|false\u00bb custom_padding_phone=\u00bb4em||2em||false|false\u00bb custom_padding_last_edited=\u00bbon|tablet\u00bb global_colors_info=\u00bb{}\u00bb][et_pb_text _builder_version=\u00bb4.27.4&#8243; _module_preset=\u00bbdefault\u00bb header_font_size_tablet=\u00bb35px\u00bb header_font_size_phone=\u00bb30px\u00bb header_font_size_last_edited=\u00bbon|phone\u00bb header_2_font_size_tablet=\u00bb26px\u00bb header_2_font_size_phone=\u00bb22px\u00bb header_2_font_size_last_edited=\u00bbon|phone\u00bb global_colors_info=\u00bb{}\u00bb]<\/p>\n<h1>Simplificamos tus tr\u00e1mites.<br \/><em><strong>Ahorra tiempo.<\/strong><\/em><\/h1>\n<p>Detr\u00e1s de <strong>Cadmin Gesti\u00f3 SL<\/strong> hay un <strong>equipo de profesionales<\/strong> que lleva muchos a\u00f1os picando piedra en el sector.<\/p>\n<p>Con los a\u00f1os nos hemos dado cuenta, que hace falta <strong>una buena organizaci\u00f3n<\/strong> <strong>para llevar a cabo una buena gesti\u00f3n<\/strong>. Esto se traduce al tener la informaci\u00f3n, saberla llevar a cabo y hacerlo con la mejor compa\u00f1\u00eda.<\/p>\n<p>[\/et_pb_text][et_pb_button button_url=\u00bb@ET-DC@eyJkeW5hbWljIjp0cnVlLCJjb250ZW50IjoicG9zdF9saW5rX3VybF9wYWdlIiwic2V0dGluZ3MiOnsicG9zdF9pZCI6IjEwNiJ9fQ==@\u00bb button_text=\u00bbSobre nosotros\u00bb _builder_version=\u00bb4.27.4&#8243; _dynamic_attributes=\u00bbbutton_url\u00bb _module_preset=\u00bbdefault\u00bb global_colors_info=\u00bb{}\u00bb][\/et_pb_button][\/et_pb_column][et_pb_column type=\u00bb1_2&#8243; _builder_version=\u00bb4.27.4&#8243; _module_preset=\u00bbdefault\u00bb global_colors_info=\u00bb{}\u00bb][et_pb_image src=\u00bbhttp:\/\/cadmin-gestio.com\/wp-content\/uploads\/cadmin-gestoria-header-estalvia-temps.webp\u00bb title_text=\u00bbcadmin-gestoria-header-estalvia-temps\u00bb align=\u00bbcenter\u00bb _builder_version=\u00bb4.27.4&#8243; _module_preset=\u00bbdefault\u00bb width=\u00bb700px\u00bb width_tablet=\u00bbauto\u00bb width_phone=\u00bbauto\u00bb width_last_edited=\u00bbon|desktop\u00bb max_width_tablet=\u00bb500px\u00bb max_width_phone=\u00bb90%\u00bb max_width_last_edited=\u00bbon|phone\u00bb module_alignment=\u00bbcenter\u00bb min_height_last_edited=\u00bboff|desktop\u00bb custom_margin=\u00bb-50px||-50px||true|false\u00bb custom_margin_tablet=\u00bb0px||4em||false|false\u00bb custom_margin_phone=\u00bb0px||4em||false|false\u00bb custom_margin_last_edited=\u00bbon|tablet\u00bb custom_padding=\u00bb||||false|false\u00bb global_colors_info=\u00bb{}\u00bb][\/et_pb_image][\/et_pb_column][\/et_pb_row][\/et_pb_section][et_pb_section fb_built=\u00bb1&#8243; custom_padding_last_edited=\u00bbon|phone\u00bb _builder_version=\u00bb4.27.4&#8243; _module_preset=\u00bbdefault\u00bb background_image=\u00bbhttp:\/\/cadmin-gestio.com\/wp-content\/uploads\/cadmin-gestioria-fondo-com-et-podem-ajudar.svg\u00bb custom_margin=\u00bb0px||0px||true|false\u00bb custom_margin_tablet=\u00bb2em||||false|false\u00bb custom_margin_last_edited=\u00bboff|desktop\u00bb custom_padding=\u00bb0px||0px||true|false\u00bb custom_padding_tablet=\u00bb0px||0px||true|false\u00bb custom_padding_phone=\u00bb0px||0px||true|false\u00bb background_last_edited=\u00bbon|phone\u00bb global_colors_info=\u00bb{}\u00bb][et_pb_row custom_padding_last_edited=\u00bbon|desktop\u00bb _builder_version=\u00bb4.27.4&#8243; _module_preset=\u00bbdefault\u00bb width=\u00bb90%\u00bb custom_padding=\u00bb4em||2em||false|false\u00bb custom_padding_tablet=\u00bb||0em||false|false\u00bb custom_padding_phone=\u00bb||0em||false|false\u00bb global_colors_info=\u00bb{}\u00bb][et_pb_column type=\u00bb4_4&#8243; _builder_version=\u00bb4.27.4&#8243; _module_preset=\u00bbdefault\u00bb global_colors_info=\u00bb{}\u00bb][et_pb_text _builder_version=\u00bb4.27.4&#8243; _module_preset=\u00bbdefault\u00bb header_2_font_size=\u00bb30px\u00bb custom_padding=\u00bb||||true|false\u00bb custom_padding_tablet=\u00bb||||true|false\u00bb custom_padding_phone=\u00bb||||true|false\u00bb custom_padding_last_edited=\u00bbon|desktop\u00bb global_colors_info=\u00bb{}\u00bb]<\/p>\n<h2 style=\"text-align: center;\">\u00bfC\u00f3mo podemos <em><strong>ayudarte<\/strong><\/em>?<\/h2>\n<p>[\/et_pb_text][\/et_pb_column][\/et_pb_row][et_pb_row column_structure=\u00bb1_2,1_2&#8243; custom_padding_last_edited=\u00bboff|desktop\u00bb _builder_version=\u00bb4.27.4&#8243; _module_preset=\u00bbdefault\u00bb width=\u00bb90%\u00bb max_width=\u00bb800px\u00bb custom_padding_tablet=\u00bb0px|2em||2em|false|true\u00bb custom_padding_phone=\u00bb|1em||1em|false|true\u00bb global_colors_info=\u00bb{}\u00bb][et_pb_column type=\u00bb1_2&#8243; _builder_version=\u00bb4.27.4&#8243; _module_preset=\u00bbdefault\u00bb global_colors_info=\u00bb{}\u00bb][et_pb_blurb title=\u00bbLibera tu tiempo\u00bb url=\u00bbhttps:\/\/cadmin-gestio.com\/es\/servicios\/#serveis-administraius\u00bb image=\u00bbhttps:\/\/www.cadmin-gestio.com\/wp-content\/uploads\/cadmin-gestoria-icono-serveis-administratius-sin-fondo.svg\u00bb alt=\u00bbServeis administratius &#8211; Cadmin\u00bb image_icon_width=\u00bb180px\u00bb image_icon_width_tablet=\u00bb175px\u00bb image_icon_width_phone=\u00bb150px\u00bb image_icon_width_last_edited=\u00bbon|phone\u00bb _builder_version=\u00bb4.27.4&#8243; _module_preset=\u00bbdefault\u00bb header_level=\u00bbh3&#8243; header_font=\u00bb||||||||\u00bb header_font_size=\u00bb22px\u00bb body_font_size=\u00bb18px\u00bb text_orientation=\u00bbcenter\u00bb custom_margin=\u00bb||2em||false|false\u00bb hover_enabled=\u00bb0&#8243; custom_css_free_form=\u00bbselector .et_pb_blurb_content:hover *{||  font-weight:bold;||}\u00bb global_colors_info=\u00bb{}\u00bb image__hover_enabled=\u00bbon|hover\u00bb image__hover=\u00bbhttps:\/\/www.cadmin-gestio.com\/wp-content\/uploads\/cadmin-gestoria-icono-serveis-administratius-con-fondo.svg\u00bb title_text=\u00bbcadmin-gestoria-icono-serveis-administratius-con-fondo\u00bb sticky_enabled=\u00bb0&#8243;]<\/p>\n<p>Servicios administrativos<\/p>\n<p>[\/et_pb_blurb][et_pb_blurb title=\u00bbLas declaraciones en el d\u00eda\u00bb url=\u00bbhttps:\/\/cadmin-gestio.com\/es\/servicios\/#fiscal\u00bb image=\u00bbhttps:\/\/www.cadmin-gestio.com\/wp-content\/uploads\/cadmin-gestoria-icono-fiscal-sin-fondo.svg\u00bb alt=\u00bbGesoria fiscal &#8211; Cadmin\u00bb image_icon_width=\u00bb180px\u00bb image_icon_width_tablet=\u00bb175px\u00bb image_icon_width_phone=\u00bb150px\u00bb image_icon_width_last_edited=\u00bbon|phone\u00bb _builder_version=\u00bb4.27.4&#8243; _module_preset=\u00bbdefault\u00bb header_level=\u00bbh3&#8243; header_font_size=\u00bb22px\u00bb body_font_size=\u00bb18px\u00bb text_orientation=\u00bbcenter\u00bb hover_enabled=\u00bb0&#8243; custom_css_free_form=\u00bbselector .et_pb_blurb_content:hover *{||  font-weight:bold;||}\u00bb global_colors_info=\u00bb{}\u00bb image__hover_enabled=\u00bbon|hover\u00bb image__hover=\u00bbhttps:\/\/www.cadmin-gestio.com\/wp-content\/uploads\/cadmin-gestoria-icono-fiscal-con-fondo-1.svg\u00bb title_text=\u00bbcadmin-gestoria-icono-fiscal-con-fondo\u00bb sticky_enabled=\u00bb0&#8243;]<\/p>\n<p>Fiscal<\/p>\n<p>[\/et_pb_blurb][\/et_pb_column][et_pb_column type=\u00bb1_2&#8243; _builder_version=\u00bb4.27.4&#8243; _module_preset=\u00bbdefault\u00bb global_colors_info=\u00bb{}\u00bb][et_pb_blurb title=\u00bbLas cuentas claras\u00bb url=\u00bbhttps:\/\/cadmin-gestio.com\/es\/servicios\/#comptabilitat\u00bb image=\u00bbhttps:\/\/www.cadmin-gestio.com\/wp-content\/uploads\/cadmin-gestoria-icono-comptabilitat-sin-fondo.svg\u00bb alt=\u00bbGestoria comptabilitat &#8211; Cadmin\u00bb image_icon_width=\u00bb180px\u00bb image_icon_width_tablet=\u00bb175px\u00bb image_icon_width_phone=\u00bb150px\u00bb image_icon_width_last_edited=\u00bbon|phone\u00bb _builder_version=\u00bb4.27.4&#8243; _module_preset=\u00bbdefault\u00bb header_level=\u00bbh3&#8243; header_font_size=\u00bb22px\u00bb body_font_size=\u00bb18px\u00bb text_orientation=\u00bbcenter\u00bb custom_margin=\u00bb||2em||false|false\u00bb hover_enabled=\u00bb0&#8243; custom_css_free_form=\u00bbselector .et_pb_blurb_content:hover *{||  font-weight:bold;||}\u00bb locked=\u00bboff\u00bb global_colors_info=\u00bb{}\u00bb image__hover_enabled=\u00bbon|hover\u00bb image__hover=\u00bbhttps:\/\/www.cadmin-gestio.com\/wp-content\/uploads\/cadmin-gestioria-icono-comptabilitat-con-fondo.svg\u00bb title_text=\u00bbcadmin-gestioria-icono-comptabilitat-con-fondo\u00bb sticky_enabled=\u00bb0&#8243;]<\/p>\n<p>Contabilidad<\/p>\n<p>[\/et_pb_blurb][et_pb_blurb title=\u00bbCuida tu equipo\u00bb url=\u00bbhttps:\/\/cadmin-gestio.com\/es\/servicios\/#laboral\u00bb image=\u00bbhttps:\/\/www.cadmin-gestio.com\/wp-content\/uploads\/cadmin-gestoria-icono-laboral-sin-fondo.svg\u00bb alt=\u00bbGestoria laboral &#8211; Cadmin\u00bb image_icon_width=\u00bb180px\u00bb image_icon_width_tablet=\u00bb175px\u00bb image_icon_width_phone=\u00bb150px\u00bb image_icon_width_last_edited=\u00bbon|phone\u00bb _builder_version=\u00bb4.27.4&#8243; _module_preset=\u00bbdefault\u00bb header_level=\u00bbh3&#8243; header_font_size=\u00bb22px\u00bb body_font_size=\u00bb18px\u00bb text_orientation=\u00bbcenter\u00bb hover_enabled=\u00bb0&#8243; custom_css_free_form=\u00bbselector .et_pb_blurb_content:hover *{||  font-weight:bold;||}\u00bb locked=\u00bboff\u00bb global_colors_info=\u00bb{}\u00bb image__hover_enabled=\u00bbon|hover\u00bb image__hover=\u00bbhttps:\/\/www.cadmin-gestio.com\/wp-content\/uploads\/cadmin-gestoria-icono-laboral-con-fondo.svg\u00bb title_text=\u00bbcadmin-gestoria-icono-laboral-con-fondo\u00bb sticky_enabled=\u00bb0&#8243;]<\/p>\n<p>Laboral<\/p>\n<p>[\/et_pb_blurb][\/et_pb_column][\/et_pb_row][et_pb_row _builder_version=\u00bb4.27.4&#8243; _module_preset=\u00bbdefault\u00bb width=\u00bb90%\u00bb module_alignment=\u00bbcenter\u00bb custom_margin_tablet=\u00bb||2em||false|false\u00bb custom_margin_phone=\u00bb||2em||false|false\u00bb custom_margin_last_edited=\u00bbon|tablet\u00bb global_colors_info=\u00bb{}\u00bb][et_pb_column type=\u00bb4_4&#8243; _builder_version=\u00bb4.27.4&#8243; _module_preset=\u00bbdefault\u00bb global_colors_info=\u00bb{}\u00bb][et_pb_button button_url=\u00bb@ET-DC@eyJkeW5hbWljIjp0cnVlLCJjb250ZW50IjoicG9zdF9saW5rX3VybF9wYWdlIiwic2V0dGluZ3MiOnsicG9zdF9pZCI6IjEwOCJ9fQ==@\u00bb button_text=\u00bbVer todos los Servicios\u00bb button_alignment=\u00bbcenter\u00bb _builder_version=\u00bb4.27.4&#8243; _dynamic_attributes=\u00bbbutton_url\u00bb _module_preset=\u00bbdefault\u00bb global_colors_info=\u00bb{}\u00bb][\/et_pb_button][\/et_pb_column][\/et_pb_row][\/et_pb_section][et_pb_section fb_built=\u00bb1&#8243; fullwidth=\u00bbon\u00bb disabled_on=\u00bbon|on|off\u00bb module_class=\u00bbonda\u00bb _builder_version=\u00bb4.27.4&#8243; _module_preset=\u00bbdefault\u00bb background_color=\u00bb#FFFFFF\u00bb transform_rotate=\u00bb0deg|0deg|180deg\u00bb max_height=\u00bb4em\u00bb custom_padding=\u00bb0px||0px||true|false\u00bb global_colors_info=\u00bb{}\u00bb][et_pb_fullwidth_code _builder_version=\u00bb4.27.4&#8243; _module_preset=\u00bbdefault\u00bb custom_padding=\u00bb0px||0px||true|false\u00bb global_colors_info=\u00bb{}\u00bb]<svg viewBox=\"0 0 500 200\"><!-- [et_pb_line_break_holder] -->  <path d=\"M 0 10 C 250 0 250 30 500 10 L 500 0 L 0 0\" fill=\"#fdf9ea\"><\/path><!-- [et_pb_line_break_holder] --><\/svg><!-- [et_pb_line_break_holder] -->[\/et_pb_fullwidth_code][\/et_pb_section][et_pb_section fb_built=\u00bb1&#8243; _builder_version=\u00bb4.27.4&#8243; _module_preset=\u00bbdefault\u00bb background_color=\u00bb#fdf9ea\u00bb custom_margin=\u00bb||0px||false|false\u00bb custom_padding=\u00bb0px||0px||true|false\u00bb global_colors_info=\u00bb{}\u00bb][et_pb_row column_structure=\u00bb1_2,1_2&#8243; make_equal=\u00bbon\u00bb custom_padding_last_edited=\u00bbon|tablet\u00bb _builder_version=\u00bb4.27.4&#8243; _module_preset=\u00bbdefault\u00bb width=\u00bb90%\u00bb custom_padding_tablet=\u00bb0px||0px||true|false\u00bb custom_padding_phone=\u00bb0px||0px||true|false\u00bb custom_css_main_element=\u00bbalign-items:center;\u00bb global_colors_info=\u00bb{}\u00bb custom_css_main_element_last_edited=\u00bbon|tablet\u00bb custom_css_main_element_tablet=\u00bbdisplay:flex;||flex-flow:column-reverse;\u00bb custom_css_main_element_phone=\u00bbdisplay:flex;||flex-flow:column-reverse;\u00bb][et_pb_column type=\u00bb1_2&#8243; _builder_version=\u00bb4.27.4&#8243; _module_preset=\u00bbdefault\u00bb global_colors_info=\u00bb{}\u00bb][et_pb_image src=\u00bbhttp:\/\/cadmin-gestio.com\/wp-content\/uploads\/cadmin-gestoria-imagen-a-tenir-en-compte.svg\u00bb title_text=\u00bbcadmin-gestoria-imagen-a-tenir-en-compte\u00bb _builder_version=\u00bb4.27.4&#8243; _module_preset=\u00bbdefault\u00bb max_width=\u00bb450px\u00bb max_width_tablet=\u00bb300px\u00bb max_width_phone=\u00bb200px\u00bb max_width_last_edited=\u00bbon|tablet\u00bb module_alignment=\u00bbcenter\u00bb global_colors_info=\u00bb{}\u00bb][\/et_pb_image][\/et_pb_column][et_pb_column type=\u00bb1_2&#8243; _builder_version=\u00bb4.27.4&#8243; _module_preset=\u00bbdefault\u00bb custom_padding=\u00bb3em||3em||true|false\u00bb global_colors_info=\u00bb{}\u00bb][et_pb_text _builder_version=\u00bb4.27.4&#8243; _module_preset=\u00bbdefault\u00bb header_2_font_size_tablet=\u00bb\u00bb header_2_font_size_phone=\u00bb30px\u00bb header_2_font_size_last_edited=\u00bbon|phone\u00bb locked=\u00bboff\u00bb global_colors_info=\u00bb{}\u00bb]<\/p>\n<h2>A tener en <em><strong>cuenta<\/strong><\/em><\/h2>\n<p>En el apartado de <strong>consejos<\/strong> de Cadmin, <strong>ofrecemos orientaci\u00f3n sobre tr\u00e1mites esenciales<\/strong> para profesionales y emprendedores. Asesoramiento especializado en la gesti\u00f3n del certificado digital, capitalizaci\u00f3n de la prestaci\u00f3n de paro para iniciar proyectos y apoyo integral a aut\u00f3nomos en todos los procesos.<\/p>\n<p><strong>Facilitamos soluciones eficientes para optimizar el tiempo<\/strong> y recursos de\u00a0<br \/>nuestros clientes<\/p>\n<p>[\/et_pb_text][et_pb_button button_url=\u00bb@ET-DC@eyJkeW5hbWljIjp0cnVlLCJjb250ZW50IjoicG9zdF9saW5rX3VybF9wYWdlIiwic2V0dGluZ3MiOnsicG9zdF9pZCI6IjExMCJ9fQ==@\u00bb button_text=\u00bbSaber m\u00e1s\u00bb _builder_version=\u00bb4.27.4&#8243; _dynamic_attributes=\u00bbbutton_url\u00bb _module_preset=\u00bbdefault\u00bb locked=\u00bboff\u00bb global_colors_info=\u00bb{}\u00bb][\/et_pb_button][\/et_pb_column][\/et_pb_row][\/et_pb_section][et_pb_section fb_built=\u00bb1&#8243; fullwidth=\u00bbon\u00bb disabled_on=\u00bbon|on|off\u00bb module_class=\u00bbonda\u00bb _builder_version=\u00bb4.27.4&#8243; _module_preset=\u00bbdefault\u00bb background_color=\u00bb#FFFFFF\u00bb max_height=\u00bb4em\u00bb custom_padding=\u00bb0px||0px||true|false\u00bb global_colors_info=\u00bb{}\u00bb][et_pb_fullwidth_code _builder_version=\u00bb4.27.4&#8243; _module_preset=\u00bbdefault\u00bb custom_padding=\u00bb0px||0px||true|false\u00bb global_colors_info=\u00bb{}\u00bb]<svg viewBox=\"0 0 500 200\"><!-- [et_pb_line_break_holder] -->  <path d=\"M 0 10 C 250 0 250 30 500 10 L 500 0 L 0 0\" fill=\"#fdf9ea\"><\/path><!-- [et_pb_line_break_holder] --><\/svg><!-- [et_pb_line_break_holder] -->[\/et_pb_fullwidth_code][\/et_pb_section][et_pb_section fb_built=\u00bb1&#8243; _builder_version=\u00bb4.27.4&#8243; _module_preset=\u00bbdefault\u00bb custom_margin_tablet=\u00bb\u00bb custom_margin_phone=\u00bb0px||||false|false\u00bb custom_margin_last_edited=\u00bbon|phone\u00bb custom_padding=\u00bb0px||0px||true|false\u00bb global_colors_info=\u00bb{}\u00bb][et_pb_row custom_padding_last_edited=\u00bbon|phone\u00bb _builder_version=\u00bb4.27.4&#8243; _module_preset=\u00bbdefault\u00bb width=\u00bb90%\u00bb custom_margin=\u00bb||0px||false|false\u00bb custom_padding=\u00bb||0px||false|false\u00bb custom_padding_tablet=\u00bb||0px||false|false\u00bb custom_padding_phone=\u00bb0px||0px||false|false\u00bb global_colors_info=\u00bb{}\u00bb][et_pb_column type=\u00bb4_4&#8243; _builder_version=\u00bb4.27.4&#8243; _module_preset=\u00bbdefault\u00bb global_colors_info=\u00bb{}\u00bb][et_pb_text _builder_version=\u00bb4.27.4&#8243; _module_preset=\u00bbdefault\u00bb header_2_font_size_tablet=\u00bb\u00bb header_2_font_size_phone=\u00bb30px\u00bb header_2_font_size_last_edited=\u00bbon|phone\u00bb locked=\u00bboff\u00bb global_colors_info=\u00bb{}\u00bb]<\/p>\n<h2 style=\"text-align: center;\">Tienes alguna <strong>duda<\/strong>?<\/h2>\n<p>[\/et_pb_text][\/et_pb_column][\/et_pb_row][\/et_pb_section]<\/p>\n","protected":false},"excerpt":{"rendered":"<p>Simplificamos tus tr\u00e1mites.Ahorra tiempo. Detr\u00e1s de Cadmin Gesti\u00f3 SL hay un equipo de profesionales que lleva muchos a\u00f1os picando piedra en el sector. Con los a\u00f1os nos hemos dado cuenta, que hace falta una buena organizaci\u00f3n para llevar a cabo una buena gesti\u00f3n. Esto se traduce al tener la informaci\u00f3n, saberla llevar a cabo y [&hellip;]<\/p>\n","protected":false},"author":1,"featured_media":0,"parent":0,"menu_order":0,"comment_status":"closed","ping_status":"closed","template":"","meta":{"_et_pb_use_builder":"on","_et_pb_old_content":"","_et_gb_content_width":"","inline_featured_image":false,"footnotes":""},"class_list":["post-422","page","type-page","status-publish","hentry"],"yoast_head":"<!-- This site is optimized with the Yoast SEO plugin v24.8.1 - https:\/\/yoast.com\/wordpress\/plugins\/seo\/ -->\n<title>Gestor\u00eda Sants Barcelona - Cadmin<\/title>\n<meta name=\"description\" content=\"Cadmin, tu gestor\u00eda en Sants, Barcelona: asesor\u00eda fiscal, contable y laboral para pymes y aut\u00f3nomos, con soluciones a medida para tu negocio.\" \/>\n<meta name=\"robots\" content=\"index, follow, max-snippet:-1, max-image-preview:large, max-video-preview:-1\" \/>\n<link rel=\"canonical\" href=\"https:\/\/www.cadmin-gestio.com\/es\/\" \/>\n<meta property=\"og:locale\" content=\"es_ES\" \/>\n<meta property=\"og:type\" content=\"article\" \/>\n<meta property=\"og:title\" content=\"Gestor\u00eda Sants Barcelona - Cadmin\" \/>\n<meta property=\"og:description\" content=\"Cadmin, tu gestor\u00eda en Sants, Barcelona: asesor\u00eda fiscal, contable y laboral para pymes y aut\u00f3nomos, con soluciones a medida para tu negocio.\" \/>\n<meta property=\"og:url\" content=\"https:\/\/www.cadmin-gestio.com\/es\/\" \/>\n<meta property=\"og:site_name\" content=\"Cadmin\" \/>\n<meta property=\"article:modified_time\" content=\"2025-04-03T10:41:59+00:00\" \/>\n<meta name=\"twitter:card\" content=\"summary_large_image\" \/>\n<meta name=\"twitter:label1\" content=\"Tiempo de lectura\" \/>\n\t<meta name=\"twitter:data1\" content=\"9 minutos\" \/>\n<script type=\"application\/ld+json\" class=\"yoast-schema-graph\">{\"@context\":\"https:\/\/schema.org\",\"@graph\":[{\"@type\":\"WebPage\",\"@id\":\"https:\/\/www.cadmin-gestio.com\/es\/\",\"url\":\"https:\/\/www.cadmin-gestio.com\/es\/\",\"name\":\"Gestor\u00eda Sants Barcelona - Cadmin\",\"isPartOf\":{\"@id\":\"https:\/\/www.cadmin-gestio.com\/#website\"},\"datePublished\":\"2025-03-07T08:36:51+00:00\",\"dateModified\":\"2025-04-03T10:41:59+00:00\",\"description\":\"Cadmin, tu gestor\u00eda en Sants, Barcelona: asesor\u00eda fiscal, contable y laboral para pymes y aut\u00f3nomos, con soluciones a medida para tu negocio.\",\"breadcrumb\":{\"@id\":\"https:\/\/www.cadmin-gestio.com\/es\/#breadcrumb\"},\"inLanguage\":\"es\",\"potentialAction\":[{\"@type\":\"ReadAction\",\"target\":[\"https:\/\/www.cadmin-gestio.com\/es\/\"]}]},{\"@type\":\"BreadcrumbList\",\"@id\":\"https:\/\/www.cadmin-gestio.com\/es\/#breadcrumb\",\"itemListElement\":[{\"@type\":\"ListItem\",\"position\":1,\"name\":\"Home\",\"item\":\"https:\/\/www.cadmin-gestio.com\/es\/\"},{\"@type\":\"ListItem\",\"position\":2,\"name\":\"Inicio\"}]},{\"@type\":\"WebSite\",\"@id\":\"https:\/\/www.cadmin-gestio.com\/#website\",\"url\":\"https:\/\/www.cadmin-gestio.com\/\",\"name\":\"Cadmin\",\"description\":\"\",\"potentialAction\":[{\"@type\":\"SearchAction\",\"target\":{\"@type\":\"EntryPoint\",\"urlTemplate\":\"https:\/\/www.cadmin-gestio.com\/?s={search_term_string}\"},\"query-input\":{\"@type\":\"PropertyValueSpecification\",\"valueRequired\":true,\"valueName\":\"search_term_string\"}}],\"inLanguage\":\"es\"}]}<\/script>\n<!-- \/ Yoast SEO plugin. -->","yoast_head_json":{"title":"Gestor\u00eda Sants Barcelona - Cadmin","description":"Cadmin, tu gestor\u00eda en Sants, Barcelona: asesor\u00eda fiscal, contable y laboral para pymes y aut\u00f3nomos, con soluciones a medida para tu negocio.","robots":{"index":"index","follow":"follow","max-snippet":"max-snippet:-1","max-image-preview":"max-image-preview:large","max-video-preview":"max-video-preview:-1"},"canonical":"https:\/\/www.cadmin-gestio.com\/es\/","og_locale":"es_ES","og_type":"article","og_title":"Gestor\u00eda Sants Barcelona - Cadmin","og_description":"Cadmin, tu gestor\u00eda en Sants, Barcelona: asesor\u00eda fiscal, contable y laboral para pymes y aut\u00f3nomos, con soluciones a medida para tu negocio.","og_url":"https:\/\/www.cadmin-gestio.com\/es\/","og_site_name":"Cadmin","article_modified_time":"2025-04-03T10:41:59+00:00","twitter_card":"summary_large_image","twitter_misc":{"Tiempo de lectura":"9 minutos"},"schema":{"@context":"https:\/\/schema.org","@graph":[{"@type":"WebPage","@id":"https:\/\/www.cadmin-gestio.com\/es\/","url":"https:\/\/www.cadmin-gestio.com\/es\/","name":"Gestor\u00eda Sants Barcelona - Cadmin","isPartOf":{"@id":"https:\/\/www.cadmin-gestio.com\/#website"},"datePublished":"2025-03-07T08:36:51+00:00","dateModified":"2025-04-03T10:41:59+00:00","description":"Cadmin, tu gestor\u00eda en Sants, Barcelona: asesor\u00eda fiscal, contable y laboral para pymes y aut\u00f3nomos, con soluciones a medida para tu negocio.","breadcrumb":{"@id":"https:\/\/www.cadmin-gestio.com\/es\/#breadcrumb"},"inLanguage":"es","potentialAction":[{"@type":"ReadAction","target":["https:\/\/www.cadmin-gestio.com\/es\/"]}]},{"@type":"BreadcrumbList","@id":"https:\/\/www.cadmin-gestio.com\/es\/#breadcrumb","itemListElement":[{"@type":"ListItem","position":1,"name":"Home","item":"https:\/\/www.cadmin-gestio.com\/es\/"},{"@type":"ListItem","position":2,"name":"Inicio"}]},{"@type":"WebSite","@id":"https:\/\/www.cadmin-gestio.com\/#website","url":"https:\/\/www.cadmin-gestio.com\/","name":"Cadmin","description":"","potentialAction":[{"@type":"SearchAction","target":{"@type":"EntryPoint","urlTemplate":"https:\/\/www.cadmin-gestio.com\/?s={search_term_string}"},"query-input":{"@type":"PropertyValueSpecification","valueRequired":true,"valueName":"search_term_string"}}],"inLanguage":"es"}]}},"_links":{"self":[{"href":"https:\/\/www.cadmin-gestio.com\/es\/wp-json\/wp\/v2\/pages\/422","targetHints":{"allow":["GET"]}}],"collection":[{"href":"https:\/\/www.cadmin-gestio.com\/es\/wp-json\/wp\/v2\/pages"}],"about":[{"href":"https:\/\/www.cadmin-gestio.com\/es\/wp-json\/wp\/v2\/types\/page"}],"author":[{"embeddable":true,"href":"https:\/\/www.cadmin-gestio.com\/es\/wp-json\/wp\/v2\/users\/1"}],"replies":[{"embeddable":true,"href":"https:\/\/www.cadmin-gestio.com\/es\/wp-json\/wp\/v2\/comments?post=422"}],"version-history":[{"count":8,"href":"https:\/\/www.cadmin-gestio.com\/es\/wp-json\/wp\/v2\/pages\/422\/revisions"}],"predecessor-version":[{"id":593,"href":"https:\/\/www.cadmin-gestio.com\/es\/wp-json\/wp\/v2\/pages\/422\/revisions\/593"}],"wp:attachment":[{"href":"https:\/\/www.cadmin-gestio.com\/es\/wp-json\/wp\/v2\/media?parent=422"}],"curies":[{"name":"wp","href":"https:\/\/api.w.org\/{rel}","templated":true}]}}