{"id":413,"date":"2025-03-07T09:37:37","date_gmt":"2025-03-07T08:37:37","guid":{"rendered":"https:\/\/cadmin-gestio.com\/contacto\/"},"modified":"2025-04-03T13:27:55","modified_gmt":"2025-04-03T11:27:55","slug":"contacto","status":"publish","type":"page","link":"https:\/\/www.cadmin-gestio.com\/es\/contacto\/","title":{"rendered":"Contacto"},"content":{"rendered":"<p>[et_pb_section fb_built=\u00bb1&#8243; _builder_version=\u00bb4.27.4&#8243; _module_preset=\u00bbdefault\u00bb background_color=\u00bb#fdf9ea\u00bb custom_padding=\u00bb0px||0px||false|false\u00bb global_colors_info=\u00bb{}\u00bb][et_pb_row column_structure=\u00bb1_2,1_2&#8243; _builder_version=\u00bb4.27.4&#8243; _module_preset=\u00bbdefault\u00bb width=\u00bb90%\u00bb custom_padding=\u00bb4em||4em||true|false\u00bb global_colors_info=\u00bb{}\u00bb][et_pb_column type=\u00bb1_2&#8243; _builder_version=\u00bb4.27.4&#8243; _module_preset=\u00bbdefault\u00bb global_colors_info=\u00bb{}\u00bb][et_pb_text _builder_version=\u00bb4.27.4&#8243; _module_preset=\u00bbdefault\u00bb hover_enabled=\u00bb0&#8243; header_font_size_tablet=\u00bb35px\u00bb header_font_size_phone=\u00bb30px\u00bb header_font_size_last_edited=\u00bbon|phone\u00bb header_2_font_size_tablet=\u00bb26px\u00bb header_2_font_size_phone=\u00bb22px\u00bb header_2_font_size_last_edited=\u00bbon|phone\u00bb global_colors_info=\u00bb{}\u00bb sticky_enabled=\u00bb0&#8243;]<\/p>\n<h1><strong><em>Contacta con nosotros<\/em><\/strong>para cualquier duda<\/h1>\n<p>Cadmin Gesti\u00f3 es tu canal directo para resolver dudas o solicitar asesoramiento. Encontrar\u00e1s nuestro formulario en l\u00ednea, tel\u00e9fono y correo electr\u00f3nico, adem\u00e1s de la direcci\u00f3n de nuestra oficina.<\/p>\n<p><img loading=\"lazy\" decoding=\"async\" class=\"wp-image-183 alignnone size-medium\" src=\"http:\/\/cadmin-gestio.com\/wp-content\/uploads\/icono-ubicacion.svg\" alt=\"\" width=\"20\" height=\"20\" \/> <span>C\/Robrenyos, 51, Local \u2013 08014, Barcelona<\/span><\/p>\n<p><img loading=\"lazy\" decoding=\"async\" class=\"wp-image-183 alignnone size-medium\" src=\"http:\/\/cadmin-gestio.com\/wp-content\/uploads\/icono-email.svg\" alt=\"\" width=\"20\" height=\"20\" \/> <a href=\"mailto:hola@cadmin-gestio.com\">hola@cadmin-gestio.com<\/a><\/p>\n<p><img loading=\"lazy\" decoding=\"async\" class=\"wp-image-183 alignnone size-medium\" src=\"http:\/\/cadmin-gestio.com\/wp-content\/uploads\/icono-telefono.svg\" alt=\"\" width=\"20\" height=\"20\" \/> <a href=\"+34639408554\">639 40 85 54<\/a><\/p>\n<p>[\/et_pb_text][\/et_pb_column][et_pb_column type=\u00bb1_2&#8243; _builder_version=\u00bb4.27.4&#8243; _module_preset=\u00bbdefault\u00bb global_colors_info=\u00bb{}\u00bb][et_pb_image src=\u00bbhttp:\/\/cadmin-gestio.com\/wp-content\/uploads\/cadmin-gestoria-contacte-imagen.svg\u00bb title_text=\u00bbcadmin-gestoria-contacte-imagen\u00bb align=\u00bbcenter\u00bb _builder_version=\u00bb4.27.4&#8243; _module_preset=\u00bbdefault\u00bb max_width=\u00bb400px\u00bb max_width_tablet=\u00bb300px\u00bb max_width_phone=\u00bb250px\u00bb max_width_last_edited=\u00bbon|phone\u00bb module_alignment=\u00bbcenter\u00bb global_colors_info=\u00bb{}\u00bb][\/et_pb_image][\/et_pb_column][\/et_pb_row][\/et_pb_section][et_pb_section fb_built=\u00bb1&#8243; _builder_version=\u00bb4.27.4&#8243; _module_preset=\u00bbdefault\u00bb custom_padding=\u00bb0px||0px||true|false\u00bb locked=\u00bboff\u00bb global_colors_info=\u00bb{}\u00bb][et_pb_row _builder_version=\u00bb4.27.4&#8243; _module_preset=\u00bbdefault\u00bb width=\u00bb90%\u00bb custom_margin=\u00bb||0px||false|false\u00bb custom_padding=\u00bb||0px||false|false\u00bb global_colors_info=\u00bb{}\u00bb][et_pb_column type=\u00bb4_4&#8243; _builder_version=\u00bb4.27.4&#8243; _module_preset=\u00bbdefault\u00bb global_colors_info=\u00bb{}\u00bb][et_pb_text _builder_version=\u00bb4.27.4&#8243; _module_preset=\u00bbdefault\u00bb header_2_font_size_tablet=\u00bb\u00bb header_2_font_size_phone=\u00bb30px\u00bb header_2_font_size_last_edited=\u00bbon|phone\u00bb locked=\u00bboff\u00bb global_colors_info=\u00bb{}\u00bb]<\/p>\n<h2 style=\"text-align: center;\"><em><strong>Formulario<\/strong><\/em> de contacto<\/h2>\n<p>[\/et_pb_text][\/et_pb_column][\/et_pb_row][\/et_pb_section]<\/p>\n","protected":false},"excerpt":{"rendered":"<p>Contacta con nosotrospara cualquier duda Cadmin Gesti\u00f3 es tu canal directo para resolver dudas o solicitar asesoramiento. Encontrar\u00e1s nuestro formulario en l\u00ednea, tel\u00e9fono y correo electr\u00f3nico, adem\u00e1s de la direcci\u00f3n de nuestra oficina. C\/Robrenyos, 51, Local \u2013 08014, Barcelona hola@cadmin-gestio.com 639 40 85 54Formulario de contacto<\/p>\n","protected":false},"author":1,"featured_media":0,"parent":0,"menu_order":0,"comment_status":"closed","ping_status":"closed","template":"","meta":{"_et_pb_use_builder":"on","_et_pb_old_content":"","_et_gb_content_width":"","inline_featured_image":false,"footnotes":""},"class_list":["post-413","page","type-page","status-publish","hentry"],"yoast_head":"<!-- This site is optimized with the Yoast SEO plugin v24.8.1 - https:\/\/yoast.com\/wordpress\/plugins\/seo\/ -->\n<title>Contacta con Cadmin Gesti\u00f3<\/title>\n<meta name=\"description\" content=\"Contacta con nosotros en Cadmin Gesti\u00f3 para recibir asesor\u00eda experta y agilizar tus tr\u00e1mites administrativos.\" \/>\n<meta name=\"robots\" content=\"index, follow, max-snippet:-1, max-image-preview:large, max-video-preview:-1\" \/>\n<link rel=\"canonical\" href=\"https:\/\/www.cadmin-gestio.com\/contacte\/\" \/>\n<meta property=\"og:locale\" content=\"es_ES\" \/>\n<meta property=\"og:type\" content=\"article\" \/>\n<meta property=\"og:title\" content=\"Contacta con Cadmin Gesti\u00f3\" \/>\n<meta property=\"og:description\" content=\"Contacta con nosotros en Cadmin Gesti\u00f3 para recibir asesor\u00eda experta y agilizar tus tr\u00e1mites administrativos.\" \/>\n<meta property=\"og:url\" content=\"https:\/\/www.cadmin-gestio.com\/contacte\/\" \/>\n<meta property=\"og:site_name\" content=\"Cadmin\" \/>\n<meta property=\"article:modified_time\" content=\"2025-04-03T11:27:55+00:00\" \/>\n<meta name=\"twitter:card\" content=\"summary_large_image\" \/>\n<meta name=\"twitter:label1\" content=\"Tiempo de lectura\" \/>\n\t<meta name=\"twitter:data1\" content=\"2 minutos\" \/>\n<script type=\"application\/ld+json\" class=\"yoast-schema-graph\">{\"@context\":\"https:\/\/schema.org\",\"@graph\":[{\"@type\":\"WebPage\",\"@id\":\"https:\/\/www.cadmin-gestio.com\/contacte\/\",\"url\":\"https:\/\/www.cadmin-gestio.com\/contacte\/\",\"name\":\"Contacta con Cadmin Gesti\u00f3\",\"isPartOf\":{\"@id\":\"https:\/\/www.cadmin-gestio.com\/#website\"},\"primaryImageOfPage\":{\"@id\":\"https:\/\/www.cadmin-gestio.com\/contacte\/#primaryimage\"},\"image\":{\"@id\":\"https:\/\/www.cadmin-gestio.com\/contacte\/#primaryimage\"},\"thumbnailUrl\":\"http:\/\/cadmin-gestio.com\/wp-content\/uploads\/icono-ubicacion.svg\",\"datePublished\":\"2025-03-07T08:37:37+00:00\",\"dateModified\":\"2025-04-03T11:27:55+00:00\",\"description\":\"Contacta con nosotros en Cadmin Gesti\u00f3 para recibir asesor\u00eda experta y agilizar tus tr\u00e1mites administrativos.\",\"breadcrumb\":{\"@id\":\"https:\/\/www.cadmin-gestio.com\/contacte\/#breadcrumb\"},\"inLanguage\":\"es\",\"potentialAction\":[{\"@type\":\"ReadAction\",\"target\":[\"https:\/\/www.cadmin-gestio.com\/contacte\/\"]}]},{\"@type\":\"ImageObject\",\"inLanguage\":\"es\",\"@id\":\"https:\/\/www.cadmin-gestio.com\/contacte\/#primaryimage\",\"url\":\"http:\/\/cadmin-gestio.com\/wp-content\/uploads\/icono-ubicacion.svg\",\"contentUrl\":\"http:\/\/cadmin-gestio.com\/wp-content\/uploads\/icono-ubicacion.svg\"},{\"@type\":\"BreadcrumbList\",\"@id\":\"https:\/\/www.cadmin-gestio.com\/contacte\/#breadcrumb\",\"itemListElement\":[{\"@type\":\"ListItem\",\"position\":1,\"name\":\"Home\",\"item\":\"https:\/\/www.cadmin-gestio.com\/es\/\"},{\"@type\":\"ListItem\",\"position\":2,\"name\":\"Contacto\"}]},{\"@type\":\"WebSite\",\"@id\":\"https:\/\/www.cadmin-gestio.com\/#website\",\"url\":\"https:\/\/www.cadmin-gestio.com\/\",\"name\":\"Cadmin\",\"description\":\"\",\"potentialAction\":[{\"@type\":\"SearchAction\",\"target\":{\"@type\":\"EntryPoint\",\"urlTemplate\":\"https:\/\/www.cadmin-gestio.com\/?s={search_term_string}\"},\"query-input\":{\"@type\":\"PropertyValueSpecification\",\"valueRequired\":true,\"valueName\":\"search_term_string\"}}],\"inLanguage\":\"es\"}]}<\/script>\n<!-- \/ Yoast SEO plugin. -->","yoast_head_json":{"title":"Contacta con Cadmin Gesti\u00f3","description":"Contacta con nosotros en Cadmin Gesti\u00f3 para recibir asesor\u00eda experta y agilizar tus tr\u00e1mites administrativos.","robots":{"index":"index","follow":"follow","max-snippet":"max-snippet:-1","max-image-preview":"max-image-preview:large","max-video-preview":"max-video-preview:-1"},"canonical":"https:\/\/www.cadmin-gestio.com\/contacte\/","og_locale":"es_ES","og_type":"article","og_title":"Contacta con Cadmin Gesti\u00f3","og_description":"Contacta con nosotros en Cadmin Gesti\u00f3 para recibir asesor\u00eda experta y agilizar tus tr\u00e1mites administrativos.","og_url":"https:\/\/www.cadmin-gestio.com\/contacte\/","og_site_name":"Cadmin","article_modified_time":"2025-04-03T11:27:55+00:00","twitter_card":"summary_large_image","twitter_misc":{"Tiempo de lectura":"2 minutos"},"schema":{"@context":"https:\/\/schema.org","@graph":[{"@type":"WebPage","@id":"https:\/\/www.cadmin-gestio.com\/contacte\/","url":"https:\/\/www.cadmin-gestio.com\/contacte\/","name":"Contacta con Cadmin Gesti\u00f3","isPartOf":{"@id":"https:\/\/www.cadmin-gestio.com\/#website"},"primaryImageOfPage":{"@id":"https:\/\/www.cadmin-gestio.com\/contacte\/#primaryimage"},"image":{"@id":"https:\/\/www.cadmin-gestio.com\/contacte\/#primaryimage"},"thumbnailUrl":"http:\/\/cadmin-gestio.com\/wp-content\/uploads\/icono-ubicacion.svg","datePublished":"2025-03-07T08:37:37+00:00","dateModified":"2025-04-03T11:27:55+00:00","description":"Contacta con nosotros en Cadmin Gesti\u00f3 para recibir asesor\u00eda experta y agilizar tus tr\u00e1mites administrativos.","breadcrumb":{"@id":"https:\/\/www.cadmin-gestio.com\/contacte\/#breadcrumb"},"inLanguage":"es","potentialAction":[{"@type":"ReadAction","target":["https:\/\/www.cadmin-gestio.com\/contacte\/"]}]},{"@type":"ImageObject","inLanguage":"es","@id":"https:\/\/www.cadmin-gestio.com\/contacte\/#primaryimage","url":"http:\/\/cadmin-gestio.com\/wp-content\/uploads\/icono-ubicacion.svg","contentUrl":"http:\/\/cadmin-gestio.com\/wp-content\/uploads\/icono-ubicacion.svg"},{"@type":"BreadcrumbList","@id":"https:\/\/www.cadmin-gestio.com\/contacte\/#breadcrumb","itemListElement":[{"@type":"ListItem","position":1,"name":"Home","item":"https:\/\/www.cadmin-gestio.com\/es\/"},{"@type":"ListItem","position":2,"name":"Contacto"}]},{"@type":"WebSite","@id":"https:\/\/www.cadmin-gestio.com\/#website","url":"https:\/\/www.cadmin-gestio.com\/","name":"Cadmin","description":"","potentialAction":[{"@type":"SearchAction","target":{"@type":"EntryPoint","urlTemplate":"https:\/\/www.cadmin-gestio.com\/?s={search_term_string}"},"query-input":{"@type":"PropertyValueSpecification","valueRequired":true,"valueName":"search_term_string"}}],"inLanguage":"es"}]}},"_links":{"self":[{"href":"https:\/\/www.cadmin-gestio.com\/es\/wp-json\/wp\/v2\/pages\/413","targetHints":{"allow":["GET"]}}],"collection":[{"href":"https:\/\/www.cadmin-gestio.com\/es\/wp-json\/wp\/v2\/pages"}],"about":[{"href":"https:\/\/www.cadmin-gestio.com\/es\/wp-json\/wp\/v2\/types\/page"}],"author":[{"embeddable":true,"href":"https:\/\/www.cadmin-gestio.com\/es\/wp-json\/wp\/v2\/users\/1"}],"replies":[{"embeddable":true,"href":"https:\/\/www.cadmin-gestio.com\/es\/wp-json\/wp\/v2\/comments?post=413"}],"version-history":[{"count":10,"href":"https:\/\/www.cadmin-gestio.com\/es\/wp-json\/wp\/v2\/pages\/413\/revisions"}],"predecessor-version":[{"id":603,"href":"https:\/\/www.cadmin-gestio.com\/es\/wp-json\/wp\/v2\/pages\/413\/revisions\/603"}],"wp:attachment":[{"href":"https:\/\/www.cadmin-gestio.com\/es\/wp-json\/wp\/v2\/media?parent=413"}],"curies":[{"name":"wp","href":"https:\/\/api.w.org\/{rel}","templated":true}]}}