{"id":404,"date":"2025-03-07T09:37:02","date_gmt":"2025-03-07T08:37:02","guid":{"rendered":"https:\/\/cadmin-gestio.com\/nosotros\/"},"modified":"2025-04-03T15:47:30","modified_gmt":"2025-04-03T13:47:30","slug":"nosotros","status":"publish","type":"page","link":"https:\/\/www.cadmin-gestio.com\/es\/nosotros\/","title":{"rendered":"Nosotros"},"content":{"rendered":"<p>[et_pb_section fb_built=\u00bb1&#8243; _builder_version=\u00bb4.27.4&#8243; _module_preset=\u00bbdefault\u00bb custom_padding=\u00bb0px||0px||true|false\u00bb global_colors_info=\u00bb{}\u00bb][et_pb_row column_structure=\u00bb1_2,1_2&#8243; _builder_version=\u00bb4.27.4&#8243; _module_preset=\u00bbdefault\u00bb width=\u00bb90%\u00bb global_colors_info=\u00bb{}\u00bb][et_pb_column type=\u00bb1_2&#8243; _builder_version=\u00bb4.27.4&#8243; _module_preset=\u00bbdefault\u00bb global_colors_info=\u00bb{}\u00bb][et_pb_text _builder_version=\u00bb4.27.4&#8243; _module_preset=\u00bbdefault\u00bb header_font_size_tablet=\u00bb35px\u00bb header_font_size_phone=\u00bb30px\u00bb header_font_size_last_edited=\u00bbon|phone\u00bb header_2_font_size_tablet=\u00bb26px\u00bb header_2_font_size_phone=\u00bb22px\u00bb header_2_font_size_last_edited=\u00bbon|phone\u00bb global_colors_info=\u00bb{}\u00bb]<\/p>\n<h1><strong><em>Cadmin Gesti\u00f3n<br \/><\/em><\/strong> Soluciones cercanas, experiencia garantizada.<\/h1>\n<p><\/p>\n<p>En Cadmin Gesti\u00f3 SL contamos con un <strong>equipo de profesionales con una larga trayectoria en el sector<\/strong>. A lo largo de los a\u00f1os, hemos aprendido que una buena organizaci\u00f3n es clave para conseguir una <strong>gesti\u00f3n eficiente<\/strong>. Esto implica disponer de la informaci\u00f3n necesaria, saber c\u00f3mo aplicarla y hacerlo siempre con la mejor compa\u00f1\u00eda.<\/p>\n<p>[\/et_pb_text][\/et_pb_column][et_pb_column type=\u00bb1_2&#8243; _builder_version=\u00bb4.27.4&#8243; _module_preset=\u00bbdefault\u00bb global_colors_info=\u00bb{}\u00bb][et_pb_image src=\u00bbhttp:\/\/cadmin-gestio.com\/wp-content\/uploads\/cadmin-gestoria-nosotros-imagen-1.svg\u00bb title_text=\u00bbcadmin-gestoria-nosotros-imagen-1&#8243; _builder_version=\u00bb4.27.4&#8243; _module_preset=\u00bbdefault\u00bb max_width=\u00bb350px\u00bb max_width_tablet=\u00bb300px\u00bb max_width_phone=\u00bb250px\u00bb max_width_last_edited=\u00bbon|phone\u00bb module_alignment=\u00bbcenter\u00bb global_colors_info=\u00bb{}\u00bb][\/et_pb_image][\/et_pb_column][\/et_pb_row][\/et_pb_section][et_pb_section fb_built=\u00bb1&#8243; custom_padding_last_edited=\u00bbon|phone\u00bb _builder_version=\u00bb4.27.4&#8243; _module_preset=\u00bbdefault\u00bb background_color=\u00bb#fdf9ea\u00bb custom_margin=\u00bb4em||4em||true|false\u00bb custom_margin_tablet=\u00bb2em||2em||true|false\u00bb custom_margin_phone=\u00bb2em||2em||true|false\u00bb custom_margin_last_edited=\u00bbon|tablet\u00bb custom_padding=\u00bb0px||0px||false|false\u00bb custom_padding_tablet=\u00bb2em||2em||true|false\u00bb custom_padding_phone=\u00bb1em||1em||true|false\u00bb locked=\u00bboff\u00bb global_colors_info=\u00bb{}\u00bb][et_pb_row column_structure=\u00bb1_2,1_2&#8243; make_equal=\u00bbon\u00bb _builder_version=\u00bb4.27.4&#8243; _module_preset=\u00bbdefault\u00bb width=\u00bb90%\u00bb custom_padding=\u00bb0px||0px||true|false\u00bb custom_css_main_element=\u00bbalign-items:center;\u00bb global_colors_info=\u00bb{}\u00bb custom_css_main_element_last_edited=\u00bbon|tablet\u00bb custom_css_main_element_tablet=\u00bbflex-flow:column-reverse;||display:flex;\u00bb custom_css_main_element_phone=\u00bbflex-flow:column-reverse;||display:flex;\u00bb][et_pb_column type=\u00bb1_2&#8243; _builder_version=\u00bb4.27.4&#8243; _module_preset=\u00bbdefault\u00bb global_colors_info=\u00bb{}\u00bb][et_pb_image src=\u00bbhttp:\/\/cadmin-gestio.com\/wp-content\/uploads\/cadmin-gestoria-nosotros-imagen-2.svg\u00bb title_text=\u00bbcadmin-gestoria-nosotros-imagen-2&#8243; align=\u00bbcenter\u00bb align_tablet=\u00bbcenter\u00bb align_phone=\u00bbcenter\u00bb align_last_edited=\u00bbon|phone\u00bb _builder_version=\u00bb4.27.4&#8243; _module_preset=\u00bbdefault\u00bb max_width=\u00bb400px\u00bb max_width_tablet=\u00bb300px\u00bb max_width_phone=\u00bb250px\u00bb max_width_last_edited=\u00bbon|phone\u00bb module_alignment=\u00bbcenter\u00bb custom_margin=\u00bb-25px||-25px||true|false\u00bb custom_margin_tablet=\u00bb1em||1em||true|false\u00bb custom_margin_phone=\u00bb1em||1em||true|false\u00bb custom_margin_last_edited=\u00bbon|tablet\u00bb global_colors_info=\u00bb{}\u00bb][\/et_pb_image][\/et_pb_column][et_pb_column type=\u00bb1_2&#8243; _builder_version=\u00bb4.27.4&#8243; _module_preset=\u00bbdefault\u00bb custom_padding=\u00bb2em||2em||true|false\u00bb global_colors_info=\u00bb{}\u00bb][et_pb_text _builder_version=\u00bb4.27.4&#8243; _module_preset=\u00bbdefault\u00bb header_2_font_size_tablet=\u00bb\u00bb header_2_font_size_phone=\u00bb30px\u00bb header_2_font_size_last_edited=\u00bbon|phone\u00bb locked=\u00bboff\u00bb global_colors_info=\u00bb{}\u00bb]<\/p>\n<p><strong>La experiencia<\/strong> nos ha ense\u00f1ado la importancia de conocer y <strong>comprender las necesidades<\/strong> que se producen a la hora de realizar una actividad o realizar una gesti\u00f3n administrativa.<\/p>\n<p><\/p>\n<p>Nuestro objetivo es <strong>apoyarte<\/strong> para que este proceso sea lo m\u00e1s ligero posible y puedas dedicarte a disfrutar de lo que m\u00e1s te gusta hacer.<\/p>\n<p>[\/et_pb_text][\/et_pb_column][\/et_pb_row][\/et_pb_section][et_pb_section fb_built=\u00bb1&#8243; _builder_version=\u00bb4.27.4&#8243; _module_preset=\u00bbdefault\u00bb custom_padding=\u00bb0px||0px||true|false\u00bb locked=\u00bboff\u00bb global_colors_info=\u00bb{}\u00bb][et_pb_row _builder_version=\u00bb4.27.4&#8243; _module_preset=\u00bbdefault\u00bb width=\u00bb90%\u00bb custom_margin=\u00bb||0px||false|false\u00bb custom_padding=\u00bb||0px||false|false\u00bb global_colors_info=\u00bb{}\u00bb][et_pb_column type=\u00bb4_4&#8243; _builder_version=\u00bb4.27.4&#8243; _module_preset=\u00bbdefault\u00bb global_colors_info=\u00bb{}\u00bb][et_pb_text _builder_version=\u00bb4.27.4&#8243; _module_preset=\u00bbdefault\u00bb header_2_font_size_tablet=\u00bb\u00bb header_2_font_size_phone=\u00bb30px\u00bb header_2_font_size_last_edited=\u00bbon|phone\u00bb locked=\u00bboff\u00bb global_colors_info=\u00bb{}\u00bb]<\/p>\n<h2 style=\"text-align: center;\">\u00bfTienes alguna <strong>duda<\/strong> ?<\/h2>\n<p>[\/et_pb_text][\/et_pb_column][\/et_pb_row][\/et_pb_section]<\/p>\n","protected":false},"excerpt":{"rendered":"<p>Cadmin Gesti\u00f3n Soluciones cercanas, experiencia garantizada.En Cadmin Gesti\u00f3 SL contamos con un equipo de profesionales con una larga trayectoria en el sector. A lo largo de los a\u00f1os, hemos aprendido que una buena organizaci\u00f3n es clave para conseguir una gesti\u00f3n eficiente. Esto implica disponer de la informaci\u00f3n necesaria, saber c\u00f3mo aplicarla y hacerlo siempre con [&hellip;]<\/p>\n","protected":false},"author":1,"featured_media":0,"parent":0,"menu_order":0,"comment_status":"closed","ping_status":"closed","template":"","meta":{"_et_pb_use_builder":"on","_et_pb_old_content":"","_et_gb_content_width":"","inline_featured_image":false,"footnotes":""},"class_list":["post-404","page","type-page","status-publish","hentry"],"yoast_head":"<!-- This site is optimized with the Yoast SEO plugin v24.8.1 - https:\/\/yoast.com\/wordpress\/plugins\/seo\/ -->\n<title>Gestores en Barcelona - Cadmin Gesti\u00f3n<\/title>\n<meta name=\"description\" content=\"Conoce al equipo de Cadmin, gestor\u00eda en Barcelona. Ofrecemos asesor\u00eda fiscal, contable y laboral para pymes y aut\u00f3nomos.\" \/>\n<meta name=\"robots\" content=\"index, follow, max-snippet:-1, max-image-preview:large, max-video-preview:-1\" \/>\n<link rel=\"canonical\" href=\"https:\/\/www.cadmin-gestio.com\/nosaltres\/\" \/>\n<meta property=\"og:locale\" content=\"es_ES\" \/>\n<meta property=\"og:type\" content=\"article\" \/>\n<meta property=\"og:title\" content=\"Gestores en Barcelona - Cadmin Gesti\u00f3n\" \/>\n<meta property=\"og:description\" content=\"Conoce al equipo de Cadmin, gestor\u00eda en Barcelona. Ofrecemos asesor\u00eda fiscal, contable y laboral para pymes y aut\u00f3nomos.\" \/>\n<meta property=\"og:url\" content=\"https:\/\/www.cadmin-gestio.com\/nosaltres\/\" \/>\n<meta property=\"og:site_name\" content=\"Cadmin\" \/>\n<meta property=\"article:modified_time\" content=\"2025-04-03T13:47:30+00:00\" \/>\n<meta name=\"twitter:card\" content=\"summary_large_image\" \/>\n<meta name=\"twitter:label1\" content=\"Tiempo de lectura\" \/>\n\t<meta name=\"twitter:data1\" content=\"3 minutos\" \/>\n<script type=\"application\/ld+json\" class=\"yoast-schema-graph\">{\"@context\":\"https:\/\/schema.org\",\"@graph\":[{\"@type\":\"WebPage\",\"@id\":\"https:\/\/www.cadmin-gestio.com\/nosaltres\/\",\"url\":\"https:\/\/www.cadmin-gestio.com\/nosaltres\/\",\"name\":\"Gestores en Barcelona - Cadmin Gesti\u00f3n\",\"isPartOf\":{\"@id\":\"https:\/\/www.cadmin-gestio.com\/#website\"},\"datePublished\":\"2025-03-07T08:37:02+00:00\",\"dateModified\":\"2025-04-03T13:47:30+00:00\",\"description\":\"Conoce al equipo de Cadmin, gestor\u00eda en Barcelona. Ofrecemos asesor\u00eda fiscal, contable y laboral para pymes y aut\u00f3nomos.\",\"breadcrumb\":{\"@id\":\"https:\/\/www.cadmin-gestio.com\/nosaltres\/#breadcrumb\"},\"inLanguage\":\"es\",\"potentialAction\":[{\"@type\":\"ReadAction\",\"target\":[\"https:\/\/www.cadmin-gestio.com\/nosaltres\/\"]}]},{\"@type\":\"BreadcrumbList\",\"@id\":\"https:\/\/www.cadmin-gestio.com\/nosaltres\/#breadcrumb\",\"itemListElement\":[{\"@type\":\"ListItem\",\"position\":1,\"name\":\"Home\",\"item\":\"https:\/\/www.cadmin-gestio.com\/es\/\"},{\"@type\":\"ListItem\",\"position\":2,\"name\":\"Nosotros\"}]},{\"@type\":\"WebSite\",\"@id\":\"https:\/\/www.cadmin-gestio.com\/#website\",\"url\":\"https:\/\/www.cadmin-gestio.com\/\",\"name\":\"Cadmin\",\"description\":\"\",\"potentialAction\":[{\"@type\":\"SearchAction\",\"target\":{\"@type\":\"EntryPoint\",\"urlTemplate\":\"https:\/\/www.cadmin-gestio.com\/?s={search_term_string}\"},\"query-input\":{\"@type\":\"PropertyValueSpecification\",\"valueRequired\":true,\"valueName\":\"search_term_string\"}}],\"inLanguage\":\"es\"}]}<\/script>\n<!-- \/ Yoast SEO plugin. -->","yoast_head_json":{"title":"Gestores en Barcelona - Cadmin Gesti\u00f3n","description":"Conoce al equipo de Cadmin, gestor\u00eda en Barcelona. Ofrecemos asesor\u00eda fiscal, contable y laboral para pymes y aut\u00f3nomos.","robots":{"index":"index","follow":"follow","max-snippet":"max-snippet:-1","max-image-preview":"max-image-preview:large","max-video-preview":"max-video-preview:-1"},"canonical":"https:\/\/www.cadmin-gestio.com\/nosaltres\/","og_locale":"es_ES","og_type":"article","og_title":"Gestores en Barcelona - Cadmin Gesti\u00f3n","og_description":"Conoce al equipo de Cadmin, gestor\u00eda en Barcelona. Ofrecemos asesor\u00eda fiscal, contable y laboral para pymes y aut\u00f3nomos.","og_url":"https:\/\/www.cadmin-gestio.com\/nosaltres\/","og_site_name":"Cadmin","article_modified_time":"2025-04-03T13:47:30+00:00","twitter_card":"summary_large_image","twitter_misc":{"Tiempo de lectura":"3 minutos"},"schema":{"@context":"https:\/\/schema.org","@graph":[{"@type":"WebPage","@id":"https:\/\/www.cadmin-gestio.com\/nosaltres\/","url":"https:\/\/www.cadmin-gestio.com\/nosaltres\/","name":"Gestores en Barcelona - Cadmin Gesti\u00f3n","isPartOf":{"@id":"https:\/\/www.cadmin-gestio.com\/#website"},"datePublished":"2025-03-07T08:37:02+00:00","dateModified":"2025-04-03T13:47:30+00:00","description":"Conoce al equipo de Cadmin, gestor\u00eda en Barcelona. Ofrecemos asesor\u00eda fiscal, contable y laboral para pymes y aut\u00f3nomos.","breadcrumb":{"@id":"https:\/\/www.cadmin-gestio.com\/nosaltres\/#breadcrumb"},"inLanguage":"es","potentialAction":[{"@type":"ReadAction","target":["https:\/\/www.cadmin-gestio.com\/nosaltres\/"]}]},{"@type":"BreadcrumbList","@id":"https:\/\/www.cadmin-gestio.com\/nosaltres\/#breadcrumb","itemListElement":[{"@type":"ListItem","position":1,"name":"Home","item":"https:\/\/www.cadmin-gestio.com\/es\/"},{"@type":"ListItem","position":2,"name":"Nosotros"}]},{"@type":"WebSite","@id":"https:\/\/www.cadmin-gestio.com\/#website","url":"https:\/\/www.cadmin-gestio.com\/","name":"Cadmin","description":"","potentialAction":[{"@type":"SearchAction","target":{"@type":"EntryPoint","urlTemplate":"https:\/\/www.cadmin-gestio.com\/?s={search_term_string}"},"query-input":{"@type":"PropertyValueSpecification","valueRequired":true,"valueName":"search_term_string"}}],"inLanguage":"es"}]}},"_links":{"self":[{"href":"https:\/\/www.cadmin-gestio.com\/es\/wp-json\/wp\/v2\/pages\/404","targetHints":{"allow":["GET"]}}],"collection":[{"href":"https:\/\/www.cadmin-gestio.com\/es\/wp-json\/wp\/v2\/pages"}],"about":[{"href":"https:\/\/www.cadmin-gestio.com\/es\/wp-json\/wp\/v2\/types\/page"}],"author":[{"embeddable":true,"href":"https:\/\/www.cadmin-gestio.com\/es\/wp-json\/wp\/v2\/users\/1"}],"replies":[{"embeddable":true,"href":"https:\/\/www.cadmin-gestio.com\/es\/wp-json\/wp\/v2\/comments?post=404"}],"version-history":[{"count":7,"href":"https:\/\/www.cadmin-gestio.com\/es\/wp-json\/wp\/v2\/pages\/404\/revisions"}],"predecessor-version":[{"id":623,"href":"https:\/\/www.cadmin-gestio.com\/es\/wp-json\/wp\/v2\/pages\/404\/revisions\/623"}],"wp:attachment":[{"href":"https:\/\/www.cadmin-gestio.com\/es\/wp-json\/wp\/v2\/media?parent=404"}],"curies":[{"name":"wp","href":"https:\/\/api.w.org\/{rel}","templated":true}]}}