{"id":401,"date":"2025-03-07T09:37:21","date_gmt":"2025-03-07T08:37:21","guid":{"rendered":"https:\/\/cadmin-gestio.com\/a-tener-en-cuenta\/"},"modified":"2025-05-08T18:43:42","modified_gmt":"2025-05-08T16:43:42","slug":"a-tener-en-cuenta","status":"publish","type":"page","link":"https:\/\/www.cadmin-gestio.com\/es\/a-tener-en-cuenta\/","title":{"rendered":"A tener en cuenta"},"content":{"rendered":"<p>[et_pb_section fb_built=\u00bb1&#8243; _builder_version=\u00bb4.27.4&#8243; _module_preset=\u00bbdefault\u00bb custom_padding=\u00bb0px||0px||true|false\u00bb global_colors_info=\u00bb{}\u00bb][et_pb_row column_structure=\u00bb1_2,1_2&#8243; _builder_version=\u00bb4.27.4&#8243; _module_preset=\u00bbdefault\u00bb width=\u00bb90%\u00bb global_colors_info=\u00bb{}\u00bb][et_pb_column type=\u00bb1_2&#8243; _builder_version=\u00bb4.27.4&#8243; _module_preset=\u00bbdefault\u00bb global_colors_info=\u00bb{}\u00bb][et_pb_text _builder_version=\u00bb4.27.4&#8243; _module_preset=\u00bbdefault\u00bb header_font_size=\u00bb35px\u00bb header_font_size_tablet=\u00bb35px\u00bb header_font_size_phone=\u00bb30px\u00bb header_font_size_last_edited=\u00bbon|phone\u00bb global_colors_info=\u00bb{}\u00bb]<\/p>\n<h1><em><strong>Consejos \u00fatiles<\/strong><\/em> para agilizar tus tr\u00e1mites<\/h1>\n<p><\/p>\n<p>Descubre consejos pr\u00e1cticos para obtener el certificado digital, capitalizar el paro o gestionar tu actividad como aut\u00f3nomo. Simplifica los tr\u00e1mites con claras y efectivas recomendaciones.<\/p>\n<p><\/p>\n<p>Con Cadmin, anticiparte a los requerimientos y evitar contratiempos es f\u00e1cil. Consulta esta secci\u00f3n para asegurarte de cumplir con todos los pasos necesarios de forma r\u00e1pida y sencilla.<\/p>\n<p>[\/et_pb_text][\/et_pb_column][et_pb_column type=\u00bb1_2&#8243; _builder_version=\u00bb4.27.4&#8243; _module_preset=\u00bbdefault\u00bb global_colors_info=\u00bb{}\u00bb][et_pb_image src=\u00bbhttp:\/\/cadmin-gestio.com\/wp-content\/uploads\/cadmin-gestoria-a-tenir-en-compte-dibujo.svg\u00bb title_text=\u00bbcadmin-gestor\u00eda-a-tener-en-cuenta-dibujo\u00bb align=\u00bbcenter\u00bb _builder_version=\u00bb4.27.4&#8243; _module_preset=\u00bbdefault\u00bb max_width=\u00bb350px\u00bb max_width_tablet=\u00bb300px\u00bb max_width_phone=\u00bb250px\u00bb max_width_last_edited=\u00bbon|phone\u00bb module_alignment=\u00bbcenter\u00bb global_colors_info=\u00bb{}\u00bb][\/et_pb_image][\/et_pb_column][\/et_pb_row][et_pb_row _builder_version=\u00bb4.27.4&#8243; _module_preset=\u00bbdefault\u00bb width=\u00bb90%\u00bb global_colors_info=\u00bb{}\u00bb][et_pb_column type=\u00bb4_4&#8243; _builder_version=\u00bb4.27.4&#8243; _module_preset=\u00bbdefault\u00bb global_colors_info=\u00bb{}\u00bb][et_pb_accordion icon_color=\u00bb#E09900&#8243; use_icon_font_size=\u00bboff\u00bb _builder_version=\u00bb4.27.4&#8243; _module_preset=\u00bbdefault\u00bb custom_css_free_form=\u00bbselector .et_pb_toggle_title{||  background-color:#fdf9ea;||  padding:0.8em 1em;||  border-radius:2em;||}||selector .et_pb_toggle_title:before{||  right: 0.5em !important;||}||selector .et_pb_toggle_open .et_pb_toggle_title:after {||    font-family: ETmodules !important;||    font-weight: 400 !important;||    content: %22%9232%22 !important;||  \tfont-size: 50px;||    color: #f8c62e;||  \tposition:absolute;||  \tright: 0.5em !important;||  \tleft:unset !important;||}\u00bb global_colors_info=\u00bb{}\u00bb][et_pb_accordion_item title=\u00bb  Certificado digital\u00bb open=\u00bbon\u00bb icon_color=\u00bb#f8c62e\u00bb toggle_icon=\u00bb&#x33;||divi||400&#8243; use_icon_font_size=\u00bbon\u00bb icon_font_size=\u00bb50px\u00bb _builder_version=\u00bb4.27.4&#8243; _module_preset=\u00bbdefault\u00bb custom_padding=\u00bb0px|0px|0px|0px|true|true\u00bb custom_css_free_form=\u00bbselector .et_pb_toggle_title{||  background-image:url(&#8216;\/wp-content\/uploads\/cadmini-gestoria-certificat-digital-icono.svg&#8217;);||  background-repeat:no-repeat;||  background-size:2em;||  background-position:1em;||}\u00bb border_radii=\u00bbon|0px|0px|0px|0px\u00bb border_style_all=\u00bbnone\u00bb global_colors_info=\u00bb{}\u00bb toggle_level=\u00bbh2&#8243; toggle_text_align=\u00bbcenter\u00bb toggle_font_size_phone=\u00bb20px\u00bb toggle_font_size_last_edited=\u00bboff|phone\u00bb]<\/p>\n<p style=\"text-align: center;\">Es obligado tener un <strong>Certificado Digital<\/strong> para poder relacionarse con las administraciones p\u00fablicas. Ser\u00eda \u00f3ptimo para ti y tu empresa que sepas c\u00f3mo descargarlo y utilizarlo para que seas el responsable de tus datos.<\/p>\n<p><\/p>\n<p style=\"text-align: center;\">Hay dos formas de conseguirlo: a trav\u00e9s de la <strong>FNMT<\/strong> , online, por un precio s\u00faper reducido; O bien nos <strong>lo puedes solicitar a nosotros<\/strong> .<\/p>\n<p>[\/et_pb_accordion_item][et_pb_accordion_item title=\u00bbCapitalizaci\u00f3n del paro\u00bb icon_color=\u00bb#f8c62e\u00bb toggle_icon=\u00bb&#x33;||divi||400&#8243; use_icon_font_size=\u00bbon\u00bb icon_font_size=\u00bb50px\u00bb _builder_version=\u00bb4.27.4&#8243; _module_preset=\u00bbdefault\u00bb custom_padding=\u00bb0px|0px|0px|0px|true|true\u00bb custom_css_free_form=\u00bbselector .et_pb_toggle_title{||  background-image:url(&#8216;\/wp-content\/uploads\/cadmini-gestoria-capitalitzacio-atur-icono.svg&#8217;);||  background-repeat:no-repeat;||  background-size:2em;||  background-position:1em;||}\u00bb border_radii=\u00bbon|0px|0px|0px|0px\u00bb border_style_all=\u00bbnone\u00bb global_colors_info=\u00bb{}\u00bb toggle_level=\u00bbh2&#8243; toggle_text_align=\u00bbcenter\u00bb toggle_font_size_last_edited=\u00bboff|phone\u00bb background__hover_enabled=\u00bboff|desktop\u00bb open=\u00bboff\u00bb]<\/p>\n<p style=\"text-align: center;\">\u00a0<strong>No te des nunca de alta de aut\u00f3nomo antes de presentar la solicitud, <\/strong>te invalida la prestaci\u00f3n autom\u00e1ticamente. Cons\u00faltanos<\/p>\n<p>[\/et_pb_accordion_item][et_pb_accordion_item title=\u00bbInformaci\u00f3n b\u00e1sica al aut\u00f3nomo\u00bb icon_color=\u00bb#f8c62e\u00bb toggle_icon=\u00bb&#x33;||divi||400&#8243; use_icon_font_size=\u00bbon\u00bb icon_font_size=\u00bb50px\u00bb _builder_version=\u00bb4.27.4&#8243; _module_preset=\u00bbdefault\u00bb custom_padding=\u00bb0px|0px|0px|0px|true|true\u00bb custom_css_free_form=\u00bbselector .et_pb_toggle_title{||  background-image:url(&#8216;\/wp-content\/uploads\/cadmini-gestoria-capitalitzacio-atur-icono.svg&#8217;);||  background-repeat:no-repeat;||  background-size:2em;||  background-position:1em;||}\u00bb border_radii=\u00bbon|0px|0px|0px|0px\u00bb border_style_all=\u00bbnone\u00bb global_colors_info=\u00bb{}\u00bb toggle_level=\u00bbh2&#8243; toggle_text_align=\u00bbcenter\u00bb toggle_font_size_last_edited=\u00bboff|phone\u00bb background__hover_enabled=\u00bboff|desktop\u00bb open=\u00bboff\u00bb]<\/p>\n<p style=\"text-align: center;\">Sea cual sea la cantidad de facturaci\u00f3n que tengas <strong>siempre te tienes que dar de alta en Hacienda y declarar<\/strong>, esto no quiere decir que tengas que darte de alta en seguridad social.<br \/>Aconsejamos al aut\u00f3nomo, en las empresas es obligado, <strong>tener la cuenta bancaria diferenciada de la personal<\/strong>.<br \/>Por norma general los bancos <strong>NO dan cr\u00e9ditos<\/strong>, rentings, etc. Si la actividad tiene una antig\u00fcedad inferior a un a\u00f1o.<\/p>\n<p>[\/et_pb_accordion_item][et_pb_accordion_item title=\u00bbCalendario\u00bb icon_color=\u00bb#f8c62e\u00bb toggle_icon=\u00bb&#x33;||divi||400&#8243; use_icon_font_size=\u00bbon\u00bb icon_font_size=\u00bb50px\u00bb _builder_version=\u00bb4.27.4&#8243; _module_preset=\u00bbdefault\u00bb custom_padding=\u00bb0px|0px|0px|0px|true|true\u00bb custom_css_free_form=\u00bbselector .et_pb_toggle_title{||  background-image:url(&#8216;\/wp-content\/uploads\/cadmini-gestoria-calendari-icono.svg&#8217;);||  background-repeat:no-repeat;||  background-size:1.6em;||  background-position:1.2em;||}\u00bb border_radii=\u00bbon|0px|0px|0px|0px\u00bb border_style_all=\u00bbnone\u00bb global_colors_info=\u00bb{}\u00bb toggle_level=\u00bbh2&#8243; toggle_text_align=\u00bbcenter\u00bb toggle_font_size_phone=\u00bb20px\u00bb toggle_font_size_last_edited=\u00bboff|phone\u00bb open=\u00bboff\u00bb]<\/p>\n<p style=\"text-align: center;\"><strong>Finiquitos trimestrales<\/strong><\/p>\n<p><\/p>\n<p style=\"text-align: center;\">En enero se liquida el 4\u00ba Trimestre del a\u00f1o anterior.<br \/> En Abril se liquida el 1er Trimestre del a\u00f1o en curso.<br \/> En julio se liquida el 2\u00ba trimestre.<br \/> En Octubre se liquida el 3er Trimestre.<\/p>\n<p><\/p>\n<p style=\"text-align: center;\"><strong>Anualmente<\/strong><\/p>\n<p><\/p>\n<p style=\"text-align: center;\">Rentas: de abril al 30 de junio se presenta la declaraci\u00f3n de la renta.<br \/> Impuesto sobre Sociedades y Cuentas anuales: Se presentan en Julio.<br \/> Registro de Libros Contables: se presenta en Abril.<\/p>\n<p>[\/et_pb_accordion_item][et_pb_accordion_item title=\u00bbC\u00f3mo hacer una factura\u00bb icon_color=\u00bb#f8c62e\u00bb toggle_icon=\u00bb&#x33;||divi||400&#8243; use_icon_font_size=\u00bbon\u00bb icon_font_size=\u00bb50px\u00bb _builder_version=\u00bb4.27.4&#8243; _module_preset=\u00bbdefault\u00bb custom_padding=\u00bb0px|0px|0px|0px|true|true\u00bb custom_css_free_form=\u00bbselector .et_pb_toggle_title{||  background-image:url(&#8216;\/wp-content\/uploads\/cadmini-gestoria-com-fer-factura-icono.svg&#8217;);||  background-repeat:no-repeat;||  background-size:1.5em;||  background-position:1.2em;||}\u00bb border_radii=\u00bbon|0px|0px|0px|0px\u00bb border_style_all=\u00bbnone\u00bb global_colors_info=\u00bb{}\u00bb toggle_level=\u00bbh2&#8243; toggle_text_align=\u00bbcenter\u00bb toggle_font_size_phone=\u00bb20px\u00bb toggle_font_size_last_edited=\u00bboff|phone\u00bb open=\u00bboff\u00bb]<\/p>\n<p style=\"text-align: center;\">Debe ser expedida por un programa homologado por Hacienda.<br \/>Tener el concepto bien especificado.<br \/>Desglose de IVA, base y retenci\u00f3n, si la posee.<br \/>Nombre completo de persona f\u00edsica o empresa del proveedor y del cliente.<br \/>CIF de persona f\u00edsica o empresa del proveedor y cliente.<br \/>Direcci\u00f3n completa tanto del proveedor como del cliente.<\/p>\n<p>[\/et_pb_accordion_item][\/et_pb_accordion][\/et_pb_column][\/et_pb_row][\/et_pb_section][et_pb_section fb_built=\u00bb1&#8243; _builder_version=\u00bb4.27.4&#8243; _module_preset=\u00bbdefault\u00bb custom_padding=\u00bb0px||0px||true|false\u00bb locked=\u00bboff\u00bb global_colors_info=\u00bb{}\u00bb][et_pb_row _builder_version=\u00bb4.27.4&#8243; _module_preset=\u00bbdefault\u00bb width=\u00bb90%\u00bb custom_margin=\u00bb||0px||false|false\u00bb custom_padding=\u00bb||0px||false|false\u00bb global_colors_info=\u00bb{}\u00bb][et_pb_column type=\u00bb4_4&#8243; _builder_version=\u00bb4.27.4&#8243; _module_preset=\u00bbdefault\u00bb global_colors_info=\u00bb{}\u00bb][et_pb_text _builder_version=\u00bb4.27.4&#8243; _module_preset=\u00bbdefault\u00bb header_2_font_size_tablet=\u00bb\u00bb header_2_font_size_phone=\u00bb30px\u00bb header_2_font_size_last_edited=\u00bbon|phone\u00bb locked=\u00bboff\u00bb global_colors_info=\u00bb{}\u00bb]<\/p>\n<h2 style=\"text-align: center;\">\u00bfTienes alguna <strong>duda<\/strong> ?<\/h2>\n<p>[\/et_pb_text][\/et_pb_column][\/et_pb_row][\/et_pb_section]<\/p>\n","protected":false},"excerpt":{"rendered":"<p>Consejos \u00fatiles para agilizar tus tr\u00e1mitesDescubre consejos pr\u00e1cticos para obtener el certificado digital, capitalizar el paro o gestionar tu actividad como aut\u00f3nomo. Simplifica los tr\u00e1mites con claras y efectivas recomendaciones.Con Cadmin, anticiparte a los requerimientos y evitar contratiempos es f\u00e1cil. Consulta esta secci\u00f3n para asegurarte de cumplir con todos los pasos necesarios de forma r\u00e1pida [&hellip;]<\/p>\n","protected":false},"author":1,"featured_media":0,"parent":0,"menu_order":0,"comment_status":"closed","ping_status":"closed","template":"","meta":{"_et_pb_use_builder":"on","_et_pb_old_content":"","_et_gb_content_width":"","inline_featured_image":false,"footnotes":""},"class_list":["post-401","page","type-page","status-publish","hentry"],"yoast_head":"<!-- This site is optimized with the Yoast SEO plugin v24.8.1 - https:\/\/yoast.com\/wordpress\/plugins\/seo\/ -->\n<title>Consejos administrativos - Cadmin<\/title>\n<meta name=\"description\" content=\"Simplifica tus tr\u00e1mites: descubre consejos pr\u00e1cticos para gestionar tu actividad aut\u00f3noma y evitar contratiempos con Cadmin.\" \/>\n<meta name=\"robots\" content=\"index, follow, max-snippet:-1, max-image-preview:large, max-video-preview:-1\" \/>\n<link rel=\"canonical\" href=\"https:\/\/www.cadmin-gestio.com\/a-tenir-en-compte\/\" \/>\n<meta property=\"og:locale\" content=\"es_ES\" \/>\n<meta property=\"og:type\" content=\"article\" \/>\n<meta property=\"og:title\" content=\"Consejos administrativos - Cadmin\" \/>\n<meta property=\"og:description\" content=\"Simplifica tus tr\u00e1mites: descubre consejos pr\u00e1cticos para gestionar tu actividad aut\u00f3noma y evitar contratiempos con Cadmin.\" \/>\n<meta property=\"og:url\" content=\"https:\/\/www.cadmin-gestio.com\/a-tenir-en-compte\/\" \/>\n<meta property=\"og:site_name\" content=\"Cadmin\" \/>\n<meta property=\"article:modified_time\" content=\"2025-05-08T16:43:42+00:00\" \/>\n<meta name=\"twitter:card\" content=\"summary_large_image\" \/>\n<meta name=\"twitter:label1\" content=\"Tiempo de lectura\" \/>\n\t<meta name=\"twitter:data1\" content=\"6 minutos\" \/>\n<script type=\"application\/ld+json\" class=\"yoast-schema-graph\">{\"@context\":\"https:\/\/schema.org\",\"@graph\":[{\"@type\":\"WebPage\",\"@id\":\"https:\/\/www.cadmin-gestio.com\/a-tenir-en-compte\/\",\"url\":\"https:\/\/www.cadmin-gestio.com\/a-tenir-en-compte\/\",\"name\":\"Consejos administrativos - Cadmin\",\"isPartOf\":{\"@id\":\"https:\/\/www.cadmin-gestio.com\/#website\"},\"datePublished\":\"2025-03-07T08:37:21+00:00\",\"dateModified\":\"2025-05-08T16:43:42+00:00\",\"description\":\"Simplifica tus tr\u00e1mites: descubre consejos pr\u00e1cticos para gestionar tu actividad aut\u00f3noma y evitar contratiempos con Cadmin.\",\"breadcrumb\":{\"@id\":\"https:\/\/www.cadmin-gestio.com\/a-tenir-en-compte\/#breadcrumb\"},\"inLanguage\":\"es\",\"potentialAction\":[{\"@type\":\"ReadAction\",\"target\":[\"https:\/\/www.cadmin-gestio.com\/a-tenir-en-compte\/\"]}]},{\"@type\":\"BreadcrumbList\",\"@id\":\"https:\/\/www.cadmin-gestio.com\/a-tenir-en-compte\/#breadcrumb\",\"itemListElement\":[{\"@type\":\"ListItem\",\"position\":1,\"name\":\"Home\",\"item\":\"https:\/\/www.cadmin-gestio.com\/es\/\"},{\"@type\":\"ListItem\",\"position\":2,\"name\":\"A tener en cuenta\"}]},{\"@type\":\"WebSite\",\"@id\":\"https:\/\/www.cadmin-gestio.com\/#website\",\"url\":\"https:\/\/www.cadmin-gestio.com\/\",\"name\":\"Cadmin\",\"description\":\"\",\"potentialAction\":[{\"@type\":\"SearchAction\",\"target\":{\"@type\":\"EntryPoint\",\"urlTemplate\":\"https:\/\/www.cadmin-gestio.com\/?s={search_term_string}\"},\"query-input\":{\"@type\":\"PropertyValueSpecification\",\"valueRequired\":true,\"valueName\":\"search_term_string\"}}],\"inLanguage\":\"es\"}]}<\/script>\n<!-- \/ Yoast SEO plugin. -->","yoast_head_json":{"title":"Consejos administrativos - Cadmin","description":"Simplifica tus tr\u00e1mites: descubre consejos pr\u00e1cticos para gestionar tu actividad aut\u00f3noma y evitar contratiempos con Cadmin.","robots":{"index":"index","follow":"follow","max-snippet":"max-snippet:-1","max-image-preview":"max-image-preview:large","max-video-preview":"max-video-preview:-1"},"canonical":"https:\/\/www.cadmin-gestio.com\/a-tenir-en-compte\/","og_locale":"es_ES","og_type":"article","og_title":"Consejos administrativos - Cadmin","og_description":"Simplifica tus tr\u00e1mites: descubre consejos pr\u00e1cticos para gestionar tu actividad aut\u00f3noma y evitar contratiempos con Cadmin.","og_url":"https:\/\/www.cadmin-gestio.com\/a-tenir-en-compte\/","og_site_name":"Cadmin","article_modified_time":"2025-05-08T16:43:42+00:00","twitter_card":"summary_large_image","twitter_misc":{"Tiempo de lectura":"6 minutos"},"schema":{"@context":"https:\/\/schema.org","@graph":[{"@type":"WebPage","@id":"https:\/\/www.cadmin-gestio.com\/a-tenir-en-compte\/","url":"https:\/\/www.cadmin-gestio.com\/a-tenir-en-compte\/","name":"Consejos administrativos - Cadmin","isPartOf":{"@id":"https:\/\/www.cadmin-gestio.com\/#website"},"datePublished":"2025-03-07T08:37:21+00:00","dateModified":"2025-05-08T16:43:42+00:00","description":"Simplifica tus tr\u00e1mites: descubre consejos pr\u00e1cticos para gestionar tu actividad aut\u00f3noma y evitar contratiempos con Cadmin.","breadcrumb":{"@id":"https:\/\/www.cadmin-gestio.com\/a-tenir-en-compte\/#breadcrumb"},"inLanguage":"es","potentialAction":[{"@type":"ReadAction","target":["https:\/\/www.cadmin-gestio.com\/a-tenir-en-compte\/"]}]},{"@type":"BreadcrumbList","@id":"https:\/\/www.cadmin-gestio.com\/a-tenir-en-compte\/#breadcrumb","itemListElement":[{"@type":"ListItem","position":1,"name":"Home","item":"https:\/\/www.cadmin-gestio.com\/es\/"},{"@type":"ListItem","position":2,"name":"A tener en cuenta"}]},{"@type":"WebSite","@id":"https:\/\/www.cadmin-gestio.com\/#website","url":"https:\/\/www.cadmin-gestio.com\/","name":"Cadmin","description":"","potentialAction":[{"@type":"SearchAction","target":{"@type":"EntryPoint","urlTemplate":"https:\/\/www.cadmin-gestio.com\/?s={search_term_string}"},"query-input":{"@type":"PropertyValueSpecification","valueRequired":true,"valueName":"search_term_string"}}],"inLanguage":"es"}]}},"_links":{"self":[{"href":"https:\/\/www.cadmin-gestio.com\/es\/wp-json\/wp\/v2\/pages\/401","targetHints":{"allow":["GET"]}}],"collection":[{"href":"https:\/\/www.cadmin-gestio.com\/es\/wp-json\/wp\/v2\/pages"}],"about":[{"href":"https:\/\/www.cadmin-gestio.com\/es\/wp-json\/wp\/v2\/types\/page"}],"author":[{"embeddable":true,"href":"https:\/\/www.cadmin-gestio.com\/es\/wp-json\/wp\/v2\/users\/1"}],"replies":[{"embeddable":true,"href":"https:\/\/www.cadmin-gestio.com\/es\/wp-json\/wp\/v2\/comments?post=401"}],"version-history":[{"count":28,"href":"https:\/\/www.cadmin-gestio.com\/es\/wp-json\/wp\/v2\/pages\/401\/revisions"}],"predecessor-version":[{"id":664,"href":"https:\/\/www.cadmin-gestio.com\/es\/wp-json\/wp\/v2\/pages\/401\/revisions\/664"}],"wp:attachment":[{"href":"https:\/\/www.cadmin-gestio.com\/es\/wp-json\/wp\/v2\/media?parent=401"}],"curies":[{"name":"wp","href":"https:\/\/api.w.org\/{rel}","templated":true}]}}